{"id":81,"date":"2021-06-04T09:26:14","date_gmt":"2021-06-04T09:26:14","guid":{"rendered":"https:\/\/fundacionbotin.org\/en\/?page_id=81"},"modified":"2021-07-05T11:49:17","modified_gmt":"2021-07-05T11:49:17","slug":"founders","status":"publish","type":"page","link":"https:\/\/fundacionbotin.org\/en\/founders\/","title":{"rendered":"Founders"},"content":{"rendered":"\n<div class=\"wp-block-columns is-layout-flex wp-container-core-columns-is-layout-9d6595d7 wp-block-columns-is-layout-flex\">\n<div class=\"wp-block-column is-layout-flow wp-block-column-is-layout-flow\" style=\"flex-basis:66.66%\">\n<h2 class=\"wp-block-heading\">Founders of the Botin Foundation<\/h2>\n\n\n\n<p>Mr. Marcelino Bot\u00edn Sanz de Sautuola was born in Puente San Miguel (Cantabria) on 10th August 1907. Son of Emilio Bot\u00edn L\u00f3pez and Mar\u00eda Sanz de Sautuola y Escalante, and grandson of Marcelino Sanz de Sautuola y Pedrueca , who went down in history as the discoverer of the Altamira paintings.<\/p>\n\n\n\n<p>Married to Carmen Yllera Camino, they had no children. He completed his high school studies at the Colegio de PP, Escolapios de Villacarriedo and then at the University of Deusto, where he studied Economics.<\/p>\n\n\n\n<h4 class=\"wp-block-heading\"><strong>Professional Achievements<\/strong><\/h4>\n\n\n\n<p>In 1931 he was appointed delegate of La Equitativa. Shortly after, he was at the head of all the agents, \u201cbeing one of the preeminent figures of society, as evidenced by the fact that for many years he held the presidency of the Circle of Distinguished Agents of La Equitativa, a category that is awarded annually to the whoever obtains the highest revenue from personal insurance premiums\u201d, according to a 1971 newsletter<\/p>\n\n\n\n<p>He was appointed director of the Banco de Santander in 1946 and vice-president of the Board of Directors ten years later. He held important positions in other companies and financial entities: Banco Intercontinental Espa\u00f1ol SA (Bankinter), Banco Comercial para Am\u00e9rica, Asfaltos Espa\u00f1oles SA, Sociedad Espa\u00f1ola del Acumulador Tudor SA, Compa\u00f1\u00eda Espa\u00f1ola de Petr\u00f3leos, Iberduero, Uni\u00f3n Resinera Espa\u00f1ola, Minero Sider\u00fargica de Ponferrada, Saltos del Sil, Financiera Bansantander, Central de Inversiones en Valores and Mobiliaria Internacional.<\/p>\n\n\n\n<h4 class=\"wp-block-heading\"><strong>Hobbies and Vital Concerns<\/strong><\/h4>\n\n\n\n<p>A great sportsman, he liked to go bowling, being one of the best players of his time and well-known for promoting this sport in Cantabria. The Marcelino Bot\u00edn Bowling Memorial, which is held annually in Puente San Miguel, continues to be one of the main and most prestigious events of this unique sport in the region. He was also fond of golf and hunting. In addition, he was involved in work of a marked social and cultural nature. Various people and institutions received whatever help they needed.<\/p>\n\n\n\n<p>As his friend, Adolfo Martos, recalls in an obituary published in the newspaper Sur de M\u00e1laga shortly after his death \u201cif I had to highlight a feature that in a few words gave us the idea of his being in the world, I would say that it was his spiritual elegance; elegance that was the fruit, first of all, of a kindness of heart and, later, of an education, of a discipline of life, of ethics \u00bb. &#8220;Endowed with great intelligence for directing important businesses and possessing a great fortune, he was especially careful that none of that was noticed, and speaking with him, it seemed more that, as his friends, we were the ones who taught him and he was the one who received and thanked us for this.&#8221;.<\/p>\n\n\n\n<p>He was one of the founding partners of the Monta\u00f1\u00e9s de Ense\u00f1anza Board, with its Centre for Technical-Business Higher Education Studies, directed by the Compa\u00f1\u00eda de Jes\u00fas. Marcelino silently projected himself in all directions. But his vital concern was the promotion and development of the Mountain and those living there, wanting to train leaders at all levels.<\/p>\n\n\n\n<h4 class=\"wp-block-heading\" id=\"block-335ea1b7-2f8e-4ccf-8a98-dfb466b99e37\"><strong>Constitution of the Foundation<\/strong><\/h4>\n\n\n\n<p>On 18th April 1964, he established the Foundation that bears his name. Upon his death, he left the Foundation, as his heir, a capital of five hundred million pesetas, a legacy that has been increasing thanks to his wife Mar\u00eda del Carmen Yllera Camino, who died on 26th February 1984; Jes\u00fas Fern\u00e1ndez Garc\u00eda Miguel, member of the Governing Board of the institution who died on 13th February 1988; Emilio Bot\u00edn-Sanz de Sautuola y L\u00f3pez, trustee of the institution from the death of his brother until his own death on 22nd September 1993; and his nephew Emilio Bot\u00edn Garc\u00eda de los R\u00edos, president of the Foundation until his death in September 2014. Currently the president of the Foundation is Javier Bot\u00edn, son of Emilio Bot\u00edn. Marcelino Bot\u00edn died on 16th August 1971 after a long illness.<\/p>\n<\/div>\n\n\n\n<div class=\"wp-block-column is-layout-flow wp-block-column-is-layout-flow\" style=\"flex-basis:33.33%\">\n<figure class=\"wp-block-image size-large\"><img decoding=\"async\" src=\"https:\/\/fundacionbotin.org\/wp-content\/uploads\/2021\/03\/fundadores-botin-1.jpg\" alt=\"Fundadores Bot\u00edn\" class=\"wp-image-1174\"\/><\/figure>\n<\/div>\n<\/div>\n","protected":false},"excerpt":{"rendered":"<p>Founders of the Botin Foundation Mr. Marcelino Bot\u00edn Sanz de Sautuola was born in Puente San Miguel (Cantabria) on 10th August 1907. Son of Emilio Bot\u00edn L\u00f3pez and Mar\u00eda Sanz de Sautuola y Escalante, and grandson of Marcelino Sanz de Sautuola y Pedrueca , who went down in history as the discoverer of the Altamira [&hellip;]<\/p>\n","protected":false},"author":5,"featured_media":83,"parent":0,"menu_order":0,"comment_status":"closed","ping_status":"closed","template":"","meta":{"_acf_changed":false,"footnotes":""},"class_list":["post-81","page","type-page","status-publish","has-post-thumbnail","hentry"],"acf":[],"yoast_head":"<!-- This site is optimized with the Yoast SEO plugin v27.3 - https:\/\/yoast.com\/product\/yoast-seo-wordpress\/ -->\n<title>Founders - Botin Foundation<\/title>\n<meta name=\"robots\" content=\"index, follow, max-snippet:-1, max-image-preview:large, max-video-preview:-1\" \/>\n<link rel=\"canonical\" href=\"https:\/\/fundacionbotin.org\/en\/founders\/\" \/>\n<meta property=\"og:locale\" content=\"en_GB\" \/>\n<meta property=\"og:type\" content=\"article\" \/>\n<meta property=\"og:title\" content=\"Founders - Botin Foundation\" \/>\n<meta property=\"og:description\" content=\"Founders of the Botin Foundation Mr. Marcelino Bot\u00edn Sanz de Sautuola was born in Puente San Miguel (Cantabria) on 10th August 1907. Son of Emilio Bot\u00edn L\u00f3pez and Mar\u00eda Sanz de Sautuola y Escalante, and grandson of Marcelino Sanz de Sautuola y Pedrueca , who went down in history as the discoverer of the Altamira [&hellip;]\" \/>\n<meta property=\"og:url\" content=\"https:\/\/fundacionbotin.org\/en\/founders\/\" \/>\n<meta property=\"og:site_name\" content=\"Botin Foundation\" \/>\n<meta property=\"article:modified_time\" content=\"2021-07-05T11:49:17+00:00\" \/>\n<meta property=\"og:image\" content=\"https:\/\/fundacionbotin.org\/en\/wp-content\/uploads\/sites\/2\/2021\/06\/founders.jpg\" \/>\n\t<meta property=\"og:image:width\" content=\"1600\" \/>\n\t<meta property=\"og:image:height\" content=\"780\" \/>\n\t<meta property=\"og:image:type\" content=\"image\/jpeg\" \/>\n<meta name=\"twitter:card\" content=\"summary_large_image\" \/>\n<meta name=\"twitter:label1\" content=\"Estimated reading time\" \/>\n\t<meta name=\"twitter:data1\" content=\"3 minutes\" \/>\n<script type=\"application\/ld+json\" class=\"yoast-schema-graph\">{\"@context\":\"https:\\\/\\\/schema.org\",\"@graph\":[{\"@type\":\"WebPage\",\"@id\":\"https:\\\/\\\/fundacionbotin.org\\\/en\\\/founders\\\/\",\"url\":\"https:\\\/\\\/fundacionbotin.org\\\/en\\\/founders\\\/\",\"name\":\"Founders - Botin Foundation\",\"isPartOf\":{\"@id\":\"https:\\\/\\\/fundacionbotin.org\\\/en\\\/#website\"},\"primaryImageOfPage\":{\"@id\":\"https:\\\/\\\/fundacionbotin.org\\\/en\\\/founders\\\/#primaryimage\"},\"image\":{\"@id\":\"https:\\\/\\\/fundacionbotin.org\\\/en\\\/founders\\\/#primaryimage\"},\"thumbnailUrl\":\"https:\\\/\\\/fundacionbotin.org\\\/en\\\/wp-content\\\/uploads\\\/sites\\\/2\\\/2021\\\/06\\\/founders.jpg\",\"datePublished\":\"2021-06-04T09:26:14+00:00\",\"dateModified\":\"2021-07-05T11:49:17+00:00\",\"breadcrumb\":{\"@id\":\"https:\\\/\\\/fundacionbotin.org\\\/en\\\/founders\\\/#breadcrumb\"},\"inLanguage\":\"en-GB\",\"potentialAction\":[{\"@type\":\"ReadAction\",\"target\":[\"https:\\\/\\\/fundacionbotin.org\\\/en\\\/founders\\\/\"]}]},{\"@type\":\"ImageObject\",\"inLanguage\":\"en-GB\",\"@id\":\"https:\\\/\\\/fundacionbotin.org\\\/en\\\/founders\\\/#primaryimage\",\"url\":\"https:\\\/\\\/fundacionbotin.org\\\/en\\\/wp-content\\\/uploads\\\/sites\\\/2\\\/2021\\\/06\\\/founders.jpg\",\"contentUrl\":\"https:\\\/\\\/fundacionbotin.org\\\/en\\\/wp-content\\\/uploads\\\/sites\\\/2\\\/2021\\\/06\\\/founders.jpg\",\"width\":1600,\"height\":780,\"caption\":\"Founders\"},{\"@type\":\"BreadcrumbList\",\"@id\":\"https:\\\/\\\/fundacionbotin.org\\\/en\\\/founders\\\/#breadcrumb\",\"itemListElement\":[{\"@type\":\"ListItem\",\"position\":1,\"name\":\"Portada\",\"item\":\"https:\\\/\\\/fundacionbotin.org\\\/en\\\/\"},{\"@type\":\"ListItem\",\"position\":2,\"name\":\"Founders\"}]},{\"@type\":\"WebSite\",\"@id\":\"https:\\\/\\\/fundacionbotin.org\\\/en\\\/#website\",\"url\":\"https:\\\/\\\/fundacionbotin.org\\\/en\\\/\",\"name\":\"Botin Foundation\",\"description\":\"Comprehensive development of society and creative talent\",\"publisher\":{\"@id\":\"https:\\\/\\\/fundacionbotin.org\\\/en\\\/#organization\"},\"potentialAction\":[{\"@type\":\"SearchAction\",\"target\":{\"@type\":\"EntryPoint\",\"urlTemplate\":\"https:\\\/\\\/fundacionbotin.org\\\/en\\\/?s={search_term_string}\"},\"query-input\":{\"@type\":\"PropertyValueSpecification\",\"valueRequired\":true,\"valueName\":\"search_term_string\"}}],\"inLanguage\":\"en-GB\"},{\"@type\":\"Organization\",\"@id\":\"https:\\\/\\\/fundacionbotin.org\\\/en\\\/#organization\",\"name\":\"Botin Foundation\",\"url\":\"https:\\\/\\\/fundacionbotin.org\\\/en\\\/\",\"logo\":{\"@type\":\"ImageObject\",\"inLanguage\":\"en-GB\",\"@id\":\"https:\\\/\\\/fundacionbotin.org\\\/en\\\/#\\\/schema\\\/logo\\\/image\\\/\",\"url\":\"https:\\\/\\\/fundacionbotin.org\\\/en\\\/wp-content\\\/uploads\\\/sites\\\/2\\\/2021\\\/06\\\/botin-foundation-logo.png\",\"contentUrl\":\"https:\\\/\\\/fundacionbotin.org\\\/en\\\/wp-content\\\/uploads\\\/sites\\\/2\\\/2021\\\/06\\\/botin-foundation-logo.png\",\"width\":100,\"height\":96,\"caption\":\"Botin Foundation\"},\"image\":{\"@id\":\"https:\\\/\\\/fundacionbotin.org\\\/en\\\/#\\\/schema\\\/logo\\\/image\\\/\"}}]}<\/script>\n<!-- \/ Yoast SEO plugin. -->","yoast_head_json":{"title":"Founders - Botin Foundation","robots":{"index":"index","follow":"follow","max-snippet":"max-snippet:-1","max-image-preview":"max-image-preview:large","max-video-preview":"max-video-preview:-1"},"canonical":"https:\/\/fundacionbotin.org\/en\/founders\/","og_locale":"en_GB","og_type":"article","og_title":"Founders - Botin Foundation","og_description":"Founders of the Botin Foundation Mr. Marcelino Bot\u00edn Sanz de Sautuola was born in Puente San Miguel (Cantabria) on 10th August 1907. Son of Emilio Bot\u00edn L\u00f3pez and Mar\u00eda Sanz de Sautuola y Escalante, and grandson of Marcelino Sanz de Sautuola y Pedrueca , who went down in history as the discoverer of the Altamira [&hellip;]","og_url":"https:\/\/fundacionbotin.org\/en\/founders\/","og_site_name":"Botin Foundation","article_modified_time":"2021-07-05T11:49:17+00:00","og_image":[{"width":1600,"height":780,"url":"https:\/\/fundacionbotin.org\/en\/wp-content\/uploads\/sites\/2\/2021\/06\/founders.jpg","type":"image\/jpeg"}],"twitter_card":"summary_large_image","twitter_misc":{"Estimated reading time":"3 minutes"},"schema":{"@context":"https:\/\/schema.org","@graph":[{"@type":"WebPage","@id":"https:\/\/fundacionbotin.org\/en\/founders\/","url":"https:\/\/fundacionbotin.org\/en\/founders\/","name":"Founders - Botin Foundation","isPartOf":{"@id":"https:\/\/fundacionbotin.org\/en\/#website"},"primaryImageOfPage":{"@id":"https:\/\/fundacionbotin.org\/en\/founders\/#primaryimage"},"image":{"@id":"https:\/\/fundacionbotin.org\/en\/founders\/#primaryimage"},"thumbnailUrl":"https:\/\/fundacionbotin.org\/en\/wp-content\/uploads\/sites\/2\/2021\/06\/founders.jpg","datePublished":"2021-06-04T09:26:14+00:00","dateModified":"2021-07-05T11:49:17+00:00","breadcrumb":{"@id":"https:\/\/fundacionbotin.org\/en\/founders\/#breadcrumb"},"inLanguage":"en-GB","potentialAction":[{"@type":"ReadAction","target":["https:\/\/fundacionbotin.org\/en\/founders\/"]}]},{"@type":"ImageObject","inLanguage":"en-GB","@id":"https:\/\/fundacionbotin.org\/en\/founders\/#primaryimage","url":"https:\/\/fundacionbotin.org\/en\/wp-content\/uploads\/sites\/2\/2021\/06\/founders.jpg","contentUrl":"https:\/\/fundacionbotin.org\/en\/wp-content\/uploads\/sites\/2\/2021\/06\/founders.jpg","width":1600,"height":780,"caption":"Founders"},{"@type":"BreadcrumbList","@id":"https:\/\/fundacionbotin.org\/en\/founders\/#breadcrumb","itemListElement":[{"@type":"ListItem","position":1,"name":"Portada","item":"https:\/\/fundacionbotin.org\/en\/"},{"@type":"ListItem","position":2,"name":"Founders"}]},{"@type":"WebSite","@id":"https:\/\/fundacionbotin.org\/en\/#website","url":"https:\/\/fundacionbotin.org\/en\/","name":"Botin Foundation","description":"Comprehensive development of society and creative talent","publisher":{"@id":"https:\/\/fundacionbotin.org\/en\/#organization"},"potentialAction":[{"@type":"SearchAction","target":{"@type":"EntryPoint","urlTemplate":"https:\/\/fundacionbotin.org\/en\/?s={search_term_string}"},"query-input":{"@type":"PropertyValueSpecification","valueRequired":true,"valueName":"search_term_string"}}],"inLanguage":"en-GB"},{"@type":"Organization","@id":"https:\/\/fundacionbotin.org\/en\/#organization","name":"Botin Foundation","url":"https:\/\/fundacionbotin.org\/en\/","logo":{"@type":"ImageObject","inLanguage":"en-GB","@id":"https:\/\/fundacionbotin.org\/en\/#\/schema\/logo\/image\/","url":"https:\/\/fundacionbotin.org\/en\/wp-content\/uploads\/sites\/2\/2021\/06\/botin-foundation-logo.png","contentUrl":"https:\/\/fundacionbotin.org\/en\/wp-content\/uploads\/sites\/2\/2021\/06\/botin-foundation-logo.png","width":100,"height":96,"caption":"Botin Foundation"},"image":{"@id":"https:\/\/fundacionbotin.org\/en\/#\/schema\/logo\/image\/"}}]}},"_links":{"self":[{"href":"https:\/\/fundacionbotin.org\/en\/wp-json\/wp\/v2\/pages\/81","targetHints":{"allow":["GET"]}}],"collection":[{"href":"https:\/\/fundacionbotin.org\/en\/wp-json\/wp\/v2\/pages"}],"about":[{"href":"https:\/\/fundacionbotin.org\/en\/wp-json\/wp\/v2\/types\/page"}],"author":[{"embeddable":true,"href":"https:\/\/fundacionbotin.org\/en\/wp-json\/wp\/v2\/users\/5"}],"replies":[{"embeddable":true,"href":"https:\/\/fundacionbotin.org\/en\/wp-json\/wp\/v2\/comments?post=81"}],"version-history":[{"count":2,"href":"https:\/\/fundacionbotin.org\/en\/wp-json\/wp\/v2\/pages\/81\/revisions"}],"predecessor-version":[{"id":808,"href":"https:\/\/fundacionbotin.org\/en\/wp-json\/wp\/v2\/pages\/81\/revisions\/808"}],"wp:featuredmedia":[{"embeddable":true,"href":"https:\/\/fundacionbotin.org\/en\/wp-json\/wp\/v2\/media\/83"}],"wp:attachment":[{"href":"https:\/\/fundacionbotin.org\/en\/wp-json\/wp\/v2\/media?parent=81"}],"curies":[{"name":"wp","href":"https:\/\/api.w.org\/{rel}","templated":true}]}}