{"id":747,"date":"2021-06-17T09:05:34","date_gmt":"2021-06-17T09:05:34","guid":{"rendered":"https:\/\/fundacionbotin.org\/en\/?page_id=747"},"modified":"2021-10-22T10:22:39","modified_gmt":"2021-10-22T10:22:39","slug":"data-protection","status":"publish","type":"page","link":"https:\/\/fundacionbotin.org\/en\/data-protection\/","title":{"rendered":"Data Protection"},"content":{"rendered":"\n<h2 class=\"wp-block-heading\">Data protection<\/h2>\n\n\n\n<p>In accordance with the provisions of the EU General Regulation 2016\/679 on Data Protection, in the Organic Law on Data Protection and in Law 34\/2002 on Information Society Services, the Marcelino Bot\u00edn-Sanz de Sautuola Foundation and L\u00f3pez, hereinafter Fundaci\u00f3n Bot\u00edn, as the owner of the website www.fundacionbotin.org, informs you that the various data requested and collected on said website through the various collection forms will be treated in accordance with current regulations Protection of Personal Data.<\/p>\n\n\n\n<p>We inform you that the personal data that you provide us by filling in the form and the other data that you provide as a result of the relationship that is established, will be incorporated into files for which the Bot\u00edn Foundation is responsible, and whose purpose is to send information through ordinary and electronic channels, respond to queries and suggestions, allow the interested party to participate in cultural, training and \/ or information activities, and subscribe to periodic newsletters.<\/p>\n\n\n\n<p>In the case of minors under 16 years of age, the parents or guardians must grant the authorisation for the use of personal data.<\/p>\n\n\n\n<p>The legitimacy for the treatment is the consent expressed expressly when completing and sending the form, the relationship that has been had with you, the fulfillment of our legal obligations and the legitimate interest of the Bot\u00edn Foundation in continuing to keep you informed of news and events . The data will be kept as long as this relationship continues, and subsequently as long as there are legal, contractual or ethical regulations that require us to keep them.<\/p>\n\n\n\n<p>The user authorises the Bot\u00edn Foundation to inform them, by ordinary and electronic channels, through any means of communication (digital, telephone, postal) of the activities, including carrying out satisfaction studies and updating data, as well as the publication of the results of raffles and the publication of images of the different activities, both on the Web and in the various publications of Fundaci\u00f3n Bot\u00edn.<\/p>\n\n\n\n<p>The Personal Data will not be communicated to third parties, except with the express consent of the Person who gives their data to the Bot\u00edn Foundation, in favor of those third parties expressly identified together with the purpose of their use or destination, who will be responsible for them. , and where appropriate, to competent authorities in the exercise of their functions.<\/p>\n\n\n\n<p>The Bot\u00edn Foundation does not sell, rent or make the Personal Data provided by users available to third parties. Access to Personal Data by the personnel in charge of the treatment does not constitute transfer or communication to third parties when this is necessary for the provision of a service to Fundaci\u00f3n Bot\u00edn, always within what is permitted by current legislation.<\/p>\n\n\n\n<p>At any time you can unsubscribe to stop receiving information about the activities, events and periodic newsletters of the Bot\u00edn Foundation, through the link &#8216;Unsubscribe&#8217;, which appears at the end of all communications sent by mail. electronic.<\/p>\n\n\n\n<p>Finally, you are informed that you may exercise your rights of access, rectification, deletion, portability, limitation of treatment and revoke the consent given by writing, with a copy of the ID, to Fundaci\u00f3n Bot\u00edn, calle Pedrueca 1, 39003 Santander. You can also contact the Spanish Data Protection Agency.<\/p>\n","protected":false},"excerpt":{"rendered":"<p>Data protection In accordance with the provisions of the EU General Regulation 2016\/679 on Data Protection, in the Organic Law on Data Protection and in Law 34\/2002 on Information Society Services, the Marcelino Bot\u00edn-Sanz de Sautuola Foundation and L\u00f3pez, hereinafter Fundaci\u00f3n Bot\u00edn, as the owner of the website www.fundacionbotin.org, informs you that the various data [&hellip;]<\/p>\n","protected":false},"author":5,"featured_media":0,"parent":0,"menu_order":0,"comment_status":"closed","ping_status":"closed","template":"","meta":{"_acf_changed":false,"footnotes":""},"class_list":["post-747","page","type-page","status-publish","hentry"],"acf":[],"yoast_head":"<!-- This site is optimized with the Yoast SEO plugin v27.4 - https:\/\/yoast.com\/product\/yoast-seo-wordpress\/ -->\n<title>Data Protection - Botin Foundation<\/title>\n<meta name=\"robots\" content=\"index, follow, max-snippet:-1, max-image-preview:large, max-video-preview:-1\" \/>\n<link rel=\"canonical\" href=\"https:\/\/fundacionbotin.org\/en\/data-protection\/\" \/>\n<meta property=\"og:locale\" content=\"en_GB\" \/>\n<meta property=\"og:type\" content=\"article\" \/>\n<meta property=\"og:title\" content=\"Data Protection - Botin Foundation\" \/>\n<meta property=\"og:description\" content=\"Data protection In accordance with the provisions of the EU General Regulation 2016\/679 on Data Protection, in the Organic Law on Data Protection and in Law 34\/2002 on Information Society Services, the Marcelino Bot\u00edn-Sanz de Sautuola Foundation and L\u00f3pez, hereinafter Fundaci\u00f3n Bot\u00edn, as the owner of the website www.fundacionbotin.org, informs you that the various data [&hellip;]\" \/>\n<meta property=\"og:url\" content=\"https:\/\/fundacionbotin.org\/en\/data-protection\/\" \/>\n<meta property=\"og:site_name\" content=\"Botin Foundation\" \/>\n<meta property=\"article:modified_time\" content=\"2021-10-22T10:22:39+00:00\" \/>\n<meta name=\"twitter:card\" content=\"summary_large_image\" \/>\n<meta name=\"twitter:label1\" content=\"Estimated reading time\" \/>\n\t<meta name=\"twitter:data1\" content=\"3 minutes\" \/>\n<script type=\"application\/ld+json\" class=\"yoast-schema-graph\">{\"@context\":\"https:\\\/\\\/schema.org\",\"@graph\":[{\"@type\":\"WebPage\",\"@id\":\"https:\\\/\\\/fundacionbotin.org\\\/en\\\/data-protection\\\/\",\"url\":\"https:\\\/\\\/fundacionbotin.org\\\/en\\\/data-protection\\\/\",\"name\":\"Data Protection - Botin Foundation\",\"isPartOf\":{\"@id\":\"https:\\\/\\\/fundacionbotin.org\\\/en\\\/#website\"},\"datePublished\":\"2021-06-17T09:05:34+00:00\",\"dateModified\":\"2021-10-22T10:22:39+00:00\",\"breadcrumb\":{\"@id\":\"https:\\\/\\\/fundacionbotin.org\\\/en\\\/data-protection\\\/#breadcrumb\"},\"inLanguage\":\"en-GB\",\"potentialAction\":[{\"@type\":\"ReadAction\",\"target\":[\"https:\\\/\\\/fundacionbotin.org\\\/en\\\/data-protection\\\/\"]}]},{\"@type\":\"BreadcrumbList\",\"@id\":\"https:\\\/\\\/fundacionbotin.org\\\/en\\\/data-protection\\\/#breadcrumb\",\"itemListElement\":[{\"@type\":\"ListItem\",\"position\":1,\"name\":\"Portada\",\"item\":\"https:\\\/\\\/fundacionbotin.org\\\/en\\\/\"},{\"@type\":\"ListItem\",\"position\":2,\"name\":\"Data Protection\"}]},{\"@type\":\"WebSite\",\"@id\":\"https:\\\/\\\/fundacionbotin.org\\\/en\\\/#website\",\"url\":\"https:\\\/\\\/fundacionbotin.org\\\/en\\\/\",\"name\":\"Botin Foundation\",\"description\":\"Comprehensive development of society and creative talent\",\"publisher\":{\"@id\":\"https:\\\/\\\/fundacionbotin.org\\\/en\\\/#organization\"},\"potentialAction\":[{\"@type\":\"SearchAction\",\"target\":{\"@type\":\"EntryPoint\",\"urlTemplate\":\"https:\\\/\\\/fundacionbotin.org\\\/en\\\/?s={search_term_string}\"},\"query-input\":{\"@type\":\"PropertyValueSpecification\",\"valueRequired\":true,\"valueName\":\"search_term_string\"}}],\"inLanguage\":\"en-GB\"},{\"@type\":\"Organization\",\"@id\":\"https:\\\/\\\/fundacionbotin.org\\\/en\\\/#organization\",\"name\":\"Botin Foundation\",\"url\":\"https:\\\/\\\/fundacionbotin.org\\\/en\\\/\",\"logo\":{\"@type\":\"ImageObject\",\"inLanguage\":\"en-GB\",\"@id\":\"https:\\\/\\\/fundacionbotin.org\\\/en\\\/#\\\/schema\\\/logo\\\/image\\\/\",\"url\":\"https:\\\/\\\/fundacionbotin.org\\\/en\\\/wp-content\\\/uploads\\\/sites\\\/2\\\/2021\\\/06\\\/botin-foundation-logo.png\",\"contentUrl\":\"https:\\\/\\\/fundacionbotin.org\\\/en\\\/wp-content\\\/uploads\\\/sites\\\/2\\\/2021\\\/06\\\/botin-foundation-logo.png\",\"width\":100,\"height\":96,\"caption\":\"Botin Foundation\"},\"image\":{\"@id\":\"https:\\\/\\\/fundacionbotin.org\\\/en\\\/#\\\/schema\\\/logo\\\/image\\\/\"}}]}<\/script>\n<!-- \/ Yoast SEO plugin. -->","yoast_head_json":{"title":"Data Protection - Botin Foundation","robots":{"index":"index","follow":"follow","max-snippet":"max-snippet:-1","max-image-preview":"max-image-preview:large","max-video-preview":"max-video-preview:-1"},"canonical":"https:\/\/fundacionbotin.org\/en\/data-protection\/","og_locale":"en_GB","og_type":"article","og_title":"Data Protection - Botin Foundation","og_description":"Data protection In accordance with the provisions of the EU General Regulation 2016\/679 on Data Protection, in the Organic Law on Data Protection and in Law 34\/2002 on Information Society Services, the Marcelino Bot\u00edn-Sanz de Sautuola Foundation and L\u00f3pez, hereinafter Fundaci\u00f3n Bot\u00edn, as the owner of the website www.fundacionbotin.org, informs you that the various data [&hellip;]","og_url":"https:\/\/fundacionbotin.org\/en\/data-protection\/","og_site_name":"Botin Foundation","article_modified_time":"2021-10-22T10:22:39+00:00","twitter_card":"summary_large_image","twitter_misc":{"Estimated reading time":"3 minutes"},"schema":{"@context":"https:\/\/schema.org","@graph":[{"@type":"WebPage","@id":"https:\/\/fundacionbotin.org\/en\/data-protection\/","url":"https:\/\/fundacionbotin.org\/en\/data-protection\/","name":"Data Protection - Botin Foundation","isPartOf":{"@id":"https:\/\/fundacionbotin.org\/en\/#website"},"datePublished":"2021-06-17T09:05:34+00:00","dateModified":"2021-10-22T10:22:39+00:00","breadcrumb":{"@id":"https:\/\/fundacionbotin.org\/en\/data-protection\/#breadcrumb"},"inLanguage":"en-GB","potentialAction":[{"@type":"ReadAction","target":["https:\/\/fundacionbotin.org\/en\/data-protection\/"]}]},{"@type":"BreadcrumbList","@id":"https:\/\/fundacionbotin.org\/en\/data-protection\/#breadcrumb","itemListElement":[{"@type":"ListItem","position":1,"name":"Portada","item":"https:\/\/fundacionbotin.org\/en\/"},{"@type":"ListItem","position":2,"name":"Data Protection"}]},{"@type":"WebSite","@id":"https:\/\/fundacionbotin.org\/en\/#website","url":"https:\/\/fundacionbotin.org\/en\/","name":"Botin Foundation","description":"Comprehensive development of society and creative talent","publisher":{"@id":"https:\/\/fundacionbotin.org\/en\/#organization"},"potentialAction":[{"@type":"SearchAction","target":{"@type":"EntryPoint","urlTemplate":"https:\/\/fundacionbotin.org\/en\/?s={search_term_string}"},"query-input":{"@type":"PropertyValueSpecification","valueRequired":true,"valueName":"search_term_string"}}],"inLanguage":"en-GB"},{"@type":"Organization","@id":"https:\/\/fundacionbotin.org\/en\/#organization","name":"Botin Foundation","url":"https:\/\/fundacionbotin.org\/en\/","logo":{"@type":"ImageObject","inLanguage":"en-GB","@id":"https:\/\/fundacionbotin.org\/en\/#\/schema\/logo\/image\/","url":"https:\/\/fundacionbotin.org\/en\/wp-content\/uploads\/sites\/2\/2021\/06\/botin-foundation-logo.png","contentUrl":"https:\/\/fundacionbotin.org\/en\/wp-content\/uploads\/sites\/2\/2021\/06\/botin-foundation-logo.png","width":100,"height":96,"caption":"Botin Foundation"},"image":{"@id":"https:\/\/fundacionbotin.org\/en\/#\/schema\/logo\/image\/"}}]}},"_links":{"self":[{"href":"https:\/\/fundacionbotin.org\/en\/wp-json\/wp\/v2\/pages\/747","targetHints":{"allow":["GET"]}}],"collection":[{"href":"https:\/\/fundacionbotin.org\/en\/wp-json\/wp\/v2\/pages"}],"about":[{"href":"https:\/\/fundacionbotin.org\/en\/wp-json\/wp\/v2\/types\/page"}],"author":[{"embeddable":true,"href":"https:\/\/fundacionbotin.org\/en\/wp-json\/wp\/v2\/users\/5"}],"replies":[{"embeddable":true,"href":"https:\/\/fundacionbotin.org\/en\/wp-json\/wp\/v2\/comments?post=747"}],"version-history":[{"count":3,"href":"https:\/\/fundacionbotin.org\/en\/wp-json\/wp\/v2\/pages\/747\/revisions"}],"predecessor-version":[{"id":873,"href":"https:\/\/fundacionbotin.org\/en\/wp-json\/wp\/v2\/pages\/747\/revisions\/873"}],"wp:attachment":[{"href":"https:\/\/fundacionbotin.org\/en\/wp-json\/wp\/v2\/media?parent=747"}],"curies":[{"name":"wp","href":"https:\/\/api.w.org\/{rel}","templated":true}]}}