{"id":735,"date":"2021-06-17T08:53:57","date_gmt":"2021-06-17T08:53:57","guid":{"rendered":"https:\/\/fundacionbotin.org\/en\/?page_id=735"},"modified":"2026-01-28T14:56:32","modified_gmt":"2026-01-28T14:56:32","slug":"plastic-arts-grants","status":"publish","type":"page","link":"https:\/\/fundacionbotin.org\/en\/grants-and-calls-for-applications\/plastic-arts-grants\/","title":{"rendered":"Art Grants"},"content":{"rendered":"\n<div class=\"wp-block-columns is-layout-flex wp-container-core-columns-is-layout-9d6595d7 wp-block-columns-is-layout-flex\">\n<div class=\"wp-block-column is-layout-flow wp-block-column-is-layout-flow\" style=\"flex-basis:66.66%\">\n<p>The Art Grants are intended to aid both training and the development of personal and research projects, which must be directly linked to artistic creation rather than to the development of a theoretical study. Specifically,&nbsp;<strong>the Fundaci\u00f3n Bot\u00edn offers six scholarships for artists of any nationality with an expected duration of nine months and an endowment of 23,000 euros each, in addition to medical insurance for recipients who need to travel to a country other than their country of residence<\/strong>. Of these six grants, one will be reserved in priority for an artist who is Spanish or resident in Spain (for at least five years immediately prior to applying for the grant), under 30 years of age, who wants to spend time abroad to continue their work, their studies or a residence.<\/p>\n\n\n\n<p>In addition to financial support, the grants programme will showcase the works created by the chosen artists in a collective exhibition at the Centro Bot\u00edn,&nbsp;<em>Itinerarios<\/em>, which this year celebrates its twenty-seventh iteration. The works will be presented not only in the exhibition gallery but also in other spaces or formats better suited to making the artists\u2019 researches public, as may be the case with performance, participatory activities or video cycles, among others. The choice of the most conducive presentation will be made by the Centro Bot\u00edn in consultation with the artists. In addition, at the end of the grant period, the Fundaci\u00f3n Bot\u00edn continues its commitment to grant-aided artists by closely following their subsequent progress and, where appropriate, by purchasing works for inclusion in its Collection.<\/p>\n\n\n\n<p><strong>Since these grants were launched in 1993 they have benefitted more than 200 creative talents<\/strong>&nbsp;by acting as a dynamic stimulus to contemporary art and supporting upcoming talents seeking to develop a research project in the visual arts. It is worth noting that many of the Bot\u00edn grant recipients have already established themselves on the international art scene and are regularly present at top-level events.<\/p>\n<\/div>\n\n\n\n<div class=\"wp-block-column is-layout-flow wp-block-column-is-layout-flow\" style=\"flex-basis:33.33%\">\n<div class=\"wp-block-group has-dark-background-color has-background\"><div class=\"wp-block-group__inner-container is-layout-flow wp-block-group-is-layout-flow\">\n<p class=\"text-h4\"><strong>Art grants<\/strong><\/p>\n\n\n\n<div style=\"height:20px\" aria-hidden=\"true\" class=\"wp-block-spacer\"><\/div>\n\n\n\n<p><strong>Duration<\/strong>: 9 months.<\/p>\n\n\n\n<p>Fundaci\u00f3n Bot\u00edn announces its new call for applications to award 6 Art Grants aimed to training, research and the fulfillment of individual projects in the field of artistic work and production (non theoretical researches) to artists of any nationality. One of these grants will be reserved in priority for a Spanish artist or resident at least five years prior to the application to this grant, under the age of 30, who have a concrete project of relocating abroad to carry out their project<br>(training, research and production).<\/p>\n\n\n\n<div class=\"wp-block-buttons is-content-justification-center is-layout-flex wp-container-core-buttons-is-layout-16018d1d wp-block-buttons-is-layout-flex\">\n<div class=\"wp-block-button\"><a class=\"wp-block-button__link wp-element-button\" href=\"https:\/\/servicios.fundacionmbotin.org\/ConvocatoriasPropias\/es\/Convocatorias\/VerConvocatoria?Id=554\" target=\"_blank\" rel=\"noreferrer noopener\">APPLY<\/a><\/div>\n<\/div>\n<\/div><\/div>\n<\/div>\n<\/div>\n\n\n\n<h2 class=\"wp-block-heading\">Art Grants 2026-2027<\/h2>\n\n\n\n<ul class=\"wp-block-list\">\n<li>Fundaci\u00f3n Bot\u00edn announces its new call for applications to award <strong>6 Art Grants<\/strong> aimed to training, research and the fulfillment of individual projects in the field of artistic work and production (non theoretical researches) to artists of any nationality. One of these grants will be reserved in priority for a Spanish artist or resident at least five years prior to the application to this grant, under the age of 30, who have a concrete project of relocating abroad to carry out their project (training, research and production).<\/li>\n\n\n\n<li>Grants are direct, indivisible and non-transferable. They cannot be used for any other purpose than the carrying out of the project outlined in the grant application.<\/li>\n\n\n\n<li>This grant is not compatible with other institutional funds for the same concept.<\/li>\n<\/ul>\n\n\n\n<h4 class=\"wp-block-heading\">DURATION<\/h4>\n\n\n\n<ul class=\"wp-block-list\">\n<li>Grants are given to cover a period of nine months.<\/li>\n<\/ul>\n\n\n\n<h4 class=\"wp-block-heading\">ENDOWMENT<\/h4>\n\n\n\n<ul class=\"wp-block-list\">\n<li><strong>The total amount of the grant is \u20ac23 000.<\/strong><\/li>\n\n\n\n<li>Grant money can be used for living expenses, travel, equipment and studio rentals, and any other related production cost related with the project.<\/li>\n\n\n\n<li>Travel insurance will be provided to grantees relocating to another country during the course of the grant period.<\/li>\n\n\n\n<li>Spanish income tax law is applicable.<\/li>\n\n\n\n<li>Payment schedule: 45% at the beginning of the grant period; 25% at the end of the first trimester; 25% at the end of the second trimester; 5% paid upon the remittance of a final report.<\/li>\n<\/ul>\n\n\n\n<h4 class=\"wp-block-heading\">TERMS<\/h4>\n\n\n\n<ul class=\"wp-block-list\">\n<li>The grant is valid for the grant period only. It cannot be interrupted, and the grant period must start before the end of 2026.<\/li>\n\n\n\n<li>Grantees will be notified in writing once their application has been approved. They must confirm in writing that they accept the grant before any payment can be made.<\/li>\n<\/ul>\n\n\n\n<h4 class=\"wp-block-heading\">LIABILITY<\/h4>\n\n\n\n<ul class=\"wp-block-list\">\n<li>Grantees must credit Fundaci\u00f3n Bot\u00edn in any communication, publication, or public program related to the granted project, and in any future exhibition in which the resulting works are presented.<\/li>\n\n\n\n<li>Should the grantee decide to produce a publication related to the granted project, Fundaci\u00f3n Bot\u00edn reserves the right of first refusal to publish it; in the event Fundaci\u00f3n decides to waive this right, the grantee will need to credit Fundaci\u00f3n Bot\u00edn as the funder of the related project.<\/li>\n\n\n\n<li>During the course of the grant period, Fundaci\u00f3n Bot\u00edn reserves the right to assess the progress and development of the granted project.<\/li>\n\n\n\n<li>The artist agrees to send Fundaci\u00f3n Bot\u00edn a report which, referring to the aims outlined in the application, provides a final evaluation of the project and outlines the way the grant has been used, together with visual documentation of the works executed (deadline: November 12th, 2027). This will conclude the grant cycle and is the condition to execute the final payment of the grant (5% of the total amount).<\/li>\n\n\n\n<li>The Programme of Fundaci\u00f3n Bot\u00edn includes the public presentation at Centro Bot\u00edn, for the first time, of the works produced over the grant period. Grantees are requested to facilitate to Fundaci\u00f3n Bot\u00edn the loan of works to be exhibited as well as instructions to present the work, and all the documentation that may be required. They must also agree to not present this project in any show organized before this exhibition takes place.<\/li>\n\n\n\n<li>This presentation will take place in the exhibition space. Other spaces more suitable for performance, participatory activities, film, etc. may also be considered. Centro Bot\u00edn will recommend the most convenient formats in conversation with the artists.<\/li>\n\n\n\n<li>Fundaci\u00f3n Bot\u00edn\u2019s Art Advisory Committee may elect to acquire work by the grantees. Such acquisition may occur during or after the exhibition, having Fundaci\u00f3n Bot\u00edn priority in the purchase of the work carried out with this grant. It is expected that the acquisition price takes into consideration the financial support Fundaci\u00f3n Bot\u00edn has provided to the grantee.<\/li>\n\n\n\n<li>Failure to comply with the rules outlined here may result in Fundaci\u00f3n Bot\u00edn taking action as it sees fit.<\/li>\n<\/ul>\n\n\n\n<h4 class=\"wp-block-heading\">APPLICATION<\/h4>\n\n\n\n<ul class=\"wp-block-list\">\n<li>Applicants will need to register by filling a form online, at: www.fundacionbotin.org\/en\/grants-and-calls-for-applications or www.centrobotin.org\/en\/grants<\/li>\n\n\n\n<li>All applications will need to be submitted in print via regular mail. Please include a printed copy of the web registration form along with the remaining documentation; please ensure that the mention BECA DE ARTE appears clearly on the envelope.<\/li>\n\n\n\n<li>Applications will be accepted in Spanish and in English.<\/li>\n\n\n\n<li>Documents must be submitted on single-side printed paper in DINA4 format (or US letter size); the maximum length is 40 single-side printed pages with no staples or bindings. Only audiovisual files should be submitted on USB sticks formatted for PC. Applications that do not conform to this standard will not be considered.<\/li>\n\n\n\n<li>No materials will be returned to their sender.<\/li>\n\n\n\n<li>Upon the request of the jury in charge of selection, Fundaci\u00f3n<\/li>\n\n\n\n<li>Bot\u00edn may ask for additional information to the applicants.<\/li>\n<\/ul>\n\n\n\n<p><strong>Documents to be submitted:<br><\/strong><\/p>\n\n\n\n<ul class=\"wp-block-list\">\n<li>A photocopy of a valid ID: NIF for Spanish citizens; NIE for residents in Spain; passport or government issued ID cards for all others; Tax Identification forms are valid).<\/li>\n\n\n\n<li>A curriculum vitae, which includes: academic qualifications, professional activity, exhibitions, prizes, scholarships, etc. (3 single-side printed pages maximum).<\/li>\n\n\n\n<li>Project title and summary (one hundred words maximum). Full description of the project: goal, action plan (stages of development and schedule) and your personal reasons for wanting to carry it out. (10 single-side printed pages maximum).<\/li>\n\n\n\n<li>Graphic Documentation, prints or color photocopies of the work (originals will not be accepted, as well as accompanying documentation such as catalogs, brochures, etc.). It must be in a single-side DINA4 format.<\/li>\n<\/ul>\n\n\n\n<p><\/p>\n\n\n\n<ul class=\"wp-block-list\">\n<li><strong>Only for the grant given in priority to under-30 Spanish artist:<\/strong> a detailed explanation of where they intend to relocate, the project to develop and its relation to any previous projects. In case the grant is intended for training, an acceptance letter from the organization must be submitted.<\/li>\n<\/ul>\n\n\n\n<p><\/p>\n\n\n\n<h4 class=\"wp-block-heading\">SELECTION<\/h4>\n\n\n\n<p>A jury of art professionals will be in charge of selecting the 6 projects that will be supported by Fundaci\u00f3n Bot\u00edn. Members of the jury will be announced after the closing date for the receipt of applications. The decision of the jury will be final and cannot be challenged.<\/p>\n\n\n\n<h4 class=\"wp-block-heading\">ADMISSION<\/h4>\n\n\n\n<ul class=\"wp-block-list\">\n<li>Applications must be postmarked on or before <strong>Friday, May 8th, 2026<\/strong>. It is essential to fill the online form before submitting the application.<\/li>\n\n\n\n<li>Applications received at Fundaci\u00f3n Bot\u00edn until May 22nd, 2026 will be accepted if they bear a postmark prior to May 8th 2026.<\/li>\n\n\n\n<li>The resolution of the jury will be made public before July 17th, 2026 at <a href=\"http:\/\/www.fundacionbotin.org\/en\/grants-and-calls-forapplications\" type=\"link\" id=\"www.fundacionbotin.org\/en\/grants-and-calls-forapplications\" target=\"_blank\" rel=\"noreferrer noopener\">www.fundacionbotin.org\/en\/grants-and-calls-forapplications<\/a> and <a href=\"http:\/\/www.centrobotin.org\/en\/grants\" type=\"link\" id=\"www.centrobotin.org\/en\/grants\" target=\"_blank\" rel=\"noreferrer noopener\">www.centrobotin.org\/en\/grants<\/a><\/li>\n<\/ul>\n\n\n\n<h4 class=\"wp-block-heading\">INFORMATION AND DOCUMENTATION<\/h4>\n\n\n\n<p>From 9 am to 2 pm<br>Fundaci\u00f3n Bot\u00edn<br>Pedrueca 1, 39003 Santander (Espa\u00f1a)<br>Tel. +34 942 226 072<br>Email: <a href=\"mailto:becas@fundacionbotin.org\">becas@fundacionbotin.org<\/a><br><a href=\"http:\/\/www.fundacionbotin.org\/en\/grants-and-calls-for-applications\" type=\"link\" id=\"www.fundacionbotin.org\/en\/grants-and-calls-for-applications\">www.fundacionbotin.org\/en\/grants-and-calls-for-applications<br><\/a><a href=\"http:\/\/www.centrobotin.org\/en\/gr\" type=\"link\" id=\"www.centrobotin.org\/en\/gr\">www.centrobotin.org\/en\/gr<\/a><\/p>\n\n\n\n<div class=\"wp-block-buttons is-layout-flex wp-block-buttons-is-layout-flex\">\n<div class=\"wp-block-button\"><a class=\"wp-block-button__link wp-element-button\" href=\"https:\/\/fundacionbotin.org\/en\/wp-content\/uploads\/sites\/2\/2026\/01\/Bases-AAPP-Eng-2026.pdf\" target=\"_blank\" rel=\"noreferrer noopener\">terms of the call 2026\/2027<\/a><\/div>\n<\/div>\n","protected":false},"excerpt":{"rendered":"<p>The Art Grants are intended to aid both training and the development of personal and research projects, which must be directly linked to artistic creation rather than to the development of a theoretical study. Specifically,&nbsp;the Fundaci\u00f3n Bot\u00edn offers six scholarships for artists of any nationality with an expected duration of nine months and an endowment [&hellip;]<\/p>\n","protected":false},"author":1,"featured_media":0,"parent":717,"menu_order":0,"comment_status":"closed","ping_status":"closed","template":"","meta":{"_acf_changed":false,"footnotes":""},"class_list":["post-735","page","type-page","status-publish","hentry"],"acf":[],"yoast_head":"<!-- This site is optimized with the Yoast SEO plugin v27.3 - https:\/\/yoast.com\/product\/yoast-seo-wordpress\/ -->\n<title>Art Grants - Botin Foundation<\/title>\n<meta name=\"robots\" content=\"index, follow, max-snippet:-1, max-image-preview:large, max-video-preview:-1\" \/>\n<link rel=\"canonical\" href=\"https:\/\/fundacionbotin.org\/en\/grants-and-calls-for-applications\/plastic-arts-grants\/\" \/>\n<meta property=\"og:locale\" content=\"en_GB\" \/>\n<meta property=\"og:type\" content=\"article\" \/>\n<meta property=\"og:title\" content=\"Art Grants - Botin Foundation\" \/>\n<meta property=\"og:description\" content=\"The Art Grants are intended to aid both training and the development of personal and research projects, which must be directly linked to artistic creation rather than to the development of a theoretical study. Specifically,&nbsp;the Fundaci\u00f3n Bot\u00edn offers six scholarships for artists of any nationality with an expected duration of nine months and an endowment [&hellip;]\" \/>\n<meta property=\"og:url\" content=\"https:\/\/fundacionbotin.org\/en\/grants-and-calls-for-applications\/plastic-arts-grants\/\" \/>\n<meta property=\"og:site_name\" content=\"Botin Foundation\" \/>\n<meta property=\"article:modified_time\" content=\"2026-01-28T14:56:32+00:00\" \/>\n<meta name=\"twitter:card\" content=\"summary_large_image\" \/>\n<meta name=\"twitter:label1\" content=\"Estimated reading time\" \/>\n\t<meta name=\"twitter:data1\" content=\"7 minutes\" \/>\n<script type=\"application\/ld+json\" class=\"yoast-schema-graph\">{\"@context\":\"https:\\\/\\\/schema.org\",\"@graph\":[{\"@type\":\"WebPage\",\"@id\":\"https:\\\/\\\/fundacionbotin.org\\\/en\\\/grants-and-calls-for-applications\\\/plastic-arts-grants\\\/\",\"url\":\"https:\\\/\\\/fundacionbotin.org\\\/en\\\/grants-and-calls-for-applications\\\/plastic-arts-grants\\\/\",\"name\":\"Art Grants - Botin Foundation\",\"isPartOf\":{\"@id\":\"https:\\\/\\\/fundacionbotin.org\\\/en\\\/#website\"},\"datePublished\":\"2021-06-17T08:53:57+00:00\",\"dateModified\":\"2026-01-28T14:56:32+00:00\",\"breadcrumb\":{\"@id\":\"https:\\\/\\\/fundacionbotin.org\\\/en\\\/grants-and-calls-for-applications\\\/plastic-arts-grants\\\/#breadcrumb\"},\"inLanguage\":\"en-GB\",\"potentialAction\":[{\"@type\":\"ReadAction\",\"target\":[\"https:\\\/\\\/fundacionbotin.org\\\/en\\\/grants-and-calls-for-applications\\\/plastic-arts-grants\\\/\"]}]},{\"@type\":\"BreadcrumbList\",\"@id\":\"https:\\\/\\\/fundacionbotin.org\\\/en\\\/grants-and-calls-for-applications\\\/plastic-arts-grants\\\/#breadcrumb\",\"itemListElement\":[{\"@type\":\"ListItem\",\"position\":1,\"name\":\"Portada\",\"item\":\"https:\\\/\\\/fundacionbotin.org\\\/en\\\/\"},{\"@type\":\"ListItem\",\"position\":2,\"name\":\"Grants and workshops\",\"item\":\"https:\\\/\\\/fundacionbotin.org\\\/en\\\/grants-and-calls-for-applications\\\/\"},{\"@type\":\"ListItem\",\"position\":3,\"name\":\"Art Grants\"}]},{\"@type\":\"WebSite\",\"@id\":\"https:\\\/\\\/fundacionbotin.org\\\/en\\\/#website\",\"url\":\"https:\\\/\\\/fundacionbotin.org\\\/en\\\/\",\"name\":\"Botin Foundation\",\"description\":\"Comprehensive development of society and creative talent\",\"publisher\":{\"@id\":\"https:\\\/\\\/fundacionbotin.org\\\/en\\\/#organization\"},\"potentialAction\":[{\"@type\":\"SearchAction\",\"target\":{\"@type\":\"EntryPoint\",\"urlTemplate\":\"https:\\\/\\\/fundacionbotin.org\\\/en\\\/?s={search_term_string}\"},\"query-input\":{\"@type\":\"PropertyValueSpecification\",\"valueRequired\":true,\"valueName\":\"search_term_string\"}}],\"inLanguage\":\"en-GB\"},{\"@type\":\"Organization\",\"@id\":\"https:\\\/\\\/fundacionbotin.org\\\/en\\\/#organization\",\"name\":\"Botin Foundation\",\"url\":\"https:\\\/\\\/fundacionbotin.org\\\/en\\\/\",\"logo\":{\"@type\":\"ImageObject\",\"inLanguage\":\"en-GB\",\"@id\":\"https:\\\/\\\/fundacionbotin.org\\\/en\\\/#\\\/schema\\\/logo\\\/image\\\/\",\"url\":\"https:\\\/\\\/fundacionbotin.org\\\/en\\\/wp-content\\\/uploads\\\/sites\\\/2\\\/2021\\\/06\\\/botin-foundation-logo.png\",\"contentUrl\":\"https:\\\/\\\/fundacionbotin.org\\\/en\\\/wp-content\\\/uploads\\\/sites\\\/2\\\/2021\\\/06\\\/botin-foundation-logo.png\",\"width\":100,\"height\":96,\"caption\":\"Botin Foundation\"},\"image\":{\"@id\":\"https:\\\/\\\/fundacionbotin.org\\\/en\\\/#\\\/schema\\\/logo\\\/image\\\/\"}}]}<\/script>\n<!-- \/ Yoast SEO plugin. -->","yoast_head_json":{"title":"Art Grants - Botin Foundation","robots":{"index":"index","follow":"follow","max-snippet":"max-snippet:-1","max-image-preview":"max-image-preview:large","max-video-preview":"max-video-preview:-1"},"canonical":"https:\/\/fundacionbotin.org\/en\/grants-and-calls-for-applications\/plastic-arts-grants\/","og_locale":"en_GB","og_type":"article","og_title":"Art Grants - Botin Foundation","og_description":"The Art Grants are intended to aid both training and the development of personal and research projects, which must be directly linked to artistic creation rather than to the development of a theoretical study. Specifically,&nbsp;the Fundaci\u00f3n Bot\u00edn offers six scholarships for artists of any nationality with an expected duration of nine months and an endowment [&hellip;]","og_url":"https:\/\/fundacionbotin.org\/en\/grants-and-calls-for-applications\/plastic-arts-grants\/","og_site_name":"Botin Foundation","article_modified_time":"2026-01-28T14:56:32+00:00","twitter_card":"summary_large_image","twitter_misc":{"Estimated reading time":"7 minutes"},"schema":{"@context":"https:\/\/schema.org","@graph":[{"@type":"WebPage","@id":"https:\/\/fundacionbotin.org\/en\/grants-and-calls-for-applications\/plastic-arts-grants\/","url":"https:\/\/fundacionbotin.org\/en\/grants-and-calls-for-applications\/plastic-arts-grants\/","name":"Art Grants - Botin Foundation","isPartOf":{"@id":"https:\/\/fundacionbotin.org\/en\/#website"},"datePublished":"2021-06-17T08:53:57+00:00","dateModified":"2026-01-28T14:56:32+00:00","breadcrumb":{"@id":"https:\/\/fundacionbotin.org\/en\/grants-and-calls-for-applications\/plastic-arts-grants\/#breadcrumb"},"inLanguage":"en-GB","potentialAction":[{"@type":"ReadAction","target":["https:\/\/fundacionbotin.org\/en\/grants-and-calls-for-applications\/plastic-arts-grants\/"]}]},{"@type":"BreadcrumbList","@id":"https:\/\/fundacionbotin.org\/en\/grants-and-calls-for-applications\/plastic-arts-grants\/#breadcrumb","itemListElement":[{"@type":"ListItem","position":1,"name":"Portada","item":"https:\/\/fundacionbotin.org\/en\/"},{"@type":"ListItem","position":2,"name":"Grants and workshops","item":"https:\/\/fundacionbotin.org\/en\/grants-and-calls-for-applications\/"},{"@type":"ListItem","position":3,"name":"Art Grants"}]},{"@type":"WebSite","@id":"https:\/\/fundacionbotin.org\/en\/#website","url":"https:\/\/fundacionbotin.org\/en\/","name":"Botin Foundation","description":"Comprehensive development of society and creative talent","publisher":{"@id":"https:\/\/fundacionbotin.org\/en\/#organization"},"potentialAction":[{"@type":"SearchAction","target":{"@type":"EntryPoint","urlTemplate":"https:\/\/fundacionbotin.org\/en\/?s={search_term_string}"},"query-input":{"@type":"PropertyValueSpecification","valueRequired":true,"valueName":"search_term_string"}}],"inLanguage":"en-GB"},{"@type":"Organization","@id":"https:\/\/fundacionbotin.org\/en\/#organization","name":"Botin Foundation","url":"https:\/\/fundacionbotin.org\/en\/","logo":{"@type":"ImageObject","inLanguage":"en-GB","@id":"https:\/\/fundacionbotin.org\/en\/#\/schema\/logo\/image\/","url":"https:\/\/fundacionbotin.org\/en\/wp-content\/uploads\/sites\/2\/2021\/06\/botin-foundation-logo.png","contentUrl":"https:\/\/fundacionbotin.org\/en\/wp-content\/uploads\/sites\/2\/2021\/06\/botin-foundation-logo.png","width":100,"height":96,"caption":"Botin Foundation"},"image":{"@id":"https:\/\/fundacionbotin.org\/en\/#\/schema\/logo\/image\/"}}]}},"_links":{"self":[{"href":"https:\/\/fundacionbotin.org\/en\/wp-json\/wp\/v2\/pages\/735","targetHints":{"allow":["GET"]}}],"collection":[{"href":"https:\/\/fundacionbotin.org\/en\/wp-json\/wp\/v2\/pages"}],"about":[{"href":"https:\/\/fundacionbotin.org\/en\/wp-json\/wp\/v2\/types\/page"}],"author":[{"embeddable":true,"href":"https:\/\/fundacionbotin.org\/en\/wp-json\/wp\/v2\/users\/1"}],"replies":[{"embeddable":true,"href":"https:\/\/fundacionbotin.org\/en\/wp-json\/wp\/v2\/comments?post=735"}],"version-history":[{"count":44,"href":"https:\/\/fundacionbotin.org\/en\/wp-json\/wp\/v2\/pages\/735\/revisions"}],"predecessor-version":[{"id":3211,"href":"https:\/\/fundacionbotin.org\/en\/wp-json\/wp\/v2\/pages\/735\/revisions\/3211"}],"up":[{"embeddable":true,"href":"https:\/\/fundacionbotin.org\/en\/wp-json\/wp\/v2\/pages\/717"}],"wp:attachment":[{"href":"https:\/\/fundacionbotin.org\/en\/wp-json\/wp\/v2\/media?parent=735"}],"curies":[{"name":"wp","href":"https:\/\/api.w.org\/{rel}","templated":true}]}}