{"id":73,"date":"2021-06-04T08:48:54","date_gmt":"2021-06-04T08:48:54","guid":{"rendered":"https:\/\/fundacionbotin.org\/en\/?page_id=73"},"modified":"2025-07-09T14:02:08","modified_gmt":"2025-07-09T14:02:08","slug":"letter-from-the-president","status":"publish","type":"page","link":"https:\/\/fundacionbotin.org\/en\/who-we-are\/letter-from-the-president\/","title":{"rendered":"Letter from the President"},"content":{"rendered":"\n<div class=\"wp-block-columns is-layout-flex wp-container-core-columns-is-layout-9d6595d7 wp-block-columns-is-layout-flex\">\n<div class=\"wp-block-column is-layout-flow wp-block-column-is-layout-flow\" style=\"flex-basis:66.66%\">\n<p>For Fundaci\u00f3n Bot\u00edn, the year 2024 was unquestionably marked by the sad death of Jaime Bot\u00ednSanz de Sautuola y Garc\u00eda de los R\u00edos, a member of the Foundation&#8217;s governing board since its creation in 1964 and vice-chairman of the Board of Trustees since its creation in 1995. <\/p>\n\n\n\n<p>Not only was Jaime Bot\u00edn one of the leading bankers of his generation, but, even more importantly, he was an enlightened man: cultured, open, ahead of the ideas of his time and, above all, a person with an intellectual honesty and a critical and constructive view of reality that gave him a privileged vision and a natural skill for leadership. <\/p>\n\n\n\n<p>And throughout his very long life, he devoted considerable efforts to philanthropy through his involvement in Fundaci\u00f3n Bot\u00edn. At the outset, the aim was to assist, initially in Santander, the most needy groups that were still outside the scope of action of public administrations. In a second stage, in the early years of this century, the Foundation began to develop long-term programmes to contribute to the development of our society in the fields of science, education and rural development. More recently, the Foundation has further developed those programmes, expanded them, and above all innovated in its ways of intervening in society and acting as a network, to make them grow even beyond our borders, measuring and monitoring their social impact in order to ensure maximum efficiency in the use of its resources.<\/p>\n\n\n\n<p>Jaime Bot\u00edn was involved in all of this, and is largely responsible for it, following in the footsteps of our founders, Marcelino Bot\u00edn and Carmen Yllera, and of the other generations of the family and collaborators who have worked for the Foundation&#8217;s social mission from 1964 to the present day. <\/p>\n\n\n\n<p>In 2018, Jaime Bot\u00edn&#8217;s commitment became even more visible, when he decided to donate to the Foundation a set of portraits from his personal collection, works by great masters of the 20th century, to be permanently exhibited in a new room created for this purpose at Centro Bot\u00edn, accompanied by a very generous annual financial endowment. Not only will these works enrich the experience of visiting the Centre, but they will forever remind us of Jaime Bot\u00edn and will be the best evidence of his philanthropy.<\/p>\n\n\n\n<p>Even more so as, coinciding precisely with the presentation of this report, this room, newly refurbished and extended, is being re-opened. It will incorporate another nine magnificent works from his collection, this time, and in accordance with Jaime Bot\u00edn&#8217;s wishes, on loan from his heirs. <\/p>\n\n\n\n<p>Those of us who are currently in charge of managing Fundaci\u00f3n Bot\u00edn take on the legacy of our predecessors. We are responsible for preserving and building on everything they did, as well as maintaining their commitment and their critical eye in order to contribute to the improvement and development of our society. <\/p>\n\n\n\n<p>And I humbly believe that we are doing so. I am not referring only to Fundaci\u00f3n Bot\u00edn, but to the Spanish social sector in general, which in recent decades has played an important role in building a fairer, more sustainable and more humane society. In our view, this is being achieved through three fundamental levers: innovation, above all in how actions are carried out; collaboration, both with the public and private sectors and between the community organisations themselves; and, lastly, measuring social impact and efficiency, which has a lot to do with precisely defining our goals. <\/p>\n\n\n\n<p>At Fundaci\u00f3n Bot\u00edn, we are convinced that, if we continue these endeavours, as we plan to, we in the social sector will continue to make a fundamental contribution to building a better future. And if, in addition, we further enhance our transparency and communication, as we are, we will also get society to recognise this venture, support it and make it grow.<\/p>\n\n\n\n<p>Javier Botin<br>Chairman of the Board<\/p>\n<\/div>\n\n\n\n<div class=\"wp-block-column is-layout-flow wp-block-column-is-layout-flow\" style=\"flex-basis:33.33%\">\n<figure class=\"wp-block-image size-large\"><img decoding=\"async\" src=\"https:\/\/fundacionbotin.org\/wp-content\/uploads\/2021\/05\/carta-del-presidente.jpg\" alt=\"Presidente\" class=\"wp-image-4349\"\/><\/figure>\n<\/div>\n<\/div>\n","protected":false},"excerpt":{"rendered":"<p>For Fundaci\u00f3n Bot\u00edn, the year 2024 was unquestionably marked by the sad death of Jaime Bot\u00ednSanz de Sautuola y Garc\u00eda de los R\u00edos, a member of the Foundation&#8217;s governing board since its creation in 1964 and vice-chairman of the Board of Trustees since its creation in 1995. Not only was Jaime Bot\u00edn one of the [&hellip;]<\/p>\n","protected":false},"author":1,"featured_media":0,"parent":72,"menu_order":0,"comment_status":"closed","ping_status":"closed","template":"","meta":{"_acf_changed":false,"footnotes":""},"class_list":["post-73","page","type-page","status-publish","hentry"],"acf":[],"yoast_head":"<!-- This site is optimized with the Yoast SEO plugin v27.3 - https:\/\/yoast.com\/product\/yoast-seo-wordpress\/ -->\n<title>Letter from the President - Botin Foundation<\/title>\n<meta name=\"robots\" content=\"index, follow, max-snippet:-1, max-image-preview:large, max-video-preview:-1\" \/>\n<link rel=\"canonical\" href=\"https:\/\/fundacionbotin.org\/en\/who-we-are\/letter-from-the-president\/\" \/>\n<meta property=\"og:locale\" content=\"en_GB\" \/>\n<meta property=\"og:type\" content=\"article\" \/>\n<meta property=\"og:title\" content=\"Letter from the President - Botin Foundation\" \/>\n<meta property=\"og:description\" content=\"For Fundaci\u00f3n Bot\u00edn, the year 2024 was unquestionably marked by the sad death of Jaime Bot\u00ednSanz de Sautuola y Garc\u00eda de los R\u00edos, a member of the Foundation&#8217;s governing board since its creation in 1964 and vice-chairman of the Board of Trustees since its creation in 1995. Not only was Jaime Bot\u00edn one of the [&hellip;]\" \/>\n<meta property=\"og:url\" content=\"https:\/\/fundacionbotin.org\/en\/who-we-are\/letter-from-the-president\/\" \/>\n<meta property=\"og:site_name\" content=\"Botin Foundation\" \/>\n<meta property=\"article:modified_time\" content=\"2025-07-09T14:02:08+00:00\" \/>\n<meta name=\"twitter:card\" content=\"summary_large_image\" \/>\n<meta name=\"twitter:label1\" content=\"Estimated reading time\" \/>\n\t<meta name=\"twitter:data1\" content=\"3 minutes\" \/>\n<script type=\"application\/ld+json\" class=\"yoast-schema-graph\">{\"@context\":\"https:\\\/\\\/schema.org\",\"@graph\":[{\"@type\":\"WebPage\",\"@id\":\"https:\\\/\\\/fundacionbotin.org\\\/en\\\/who-we-are\\\/letter-from-the-president\\\/\",\"url\":\"https:\\\/\\\/fundacionbotin.org\\\/en\\\/who-we-are\\\/letter-from-the-president\\\/\",\"name\":\"Letter from the President - Botin Foundation\",\"isPartOf\":{\"@id\":\"https:\\\/\\\/fundacionbotin.org\\\/en\\\/#website\"},\"primaryImageOfPage\":{\"@id\":\"https:\\\/\\\/fundacionbotin.org\\\/en\\\/who-we-are\\\/letter-from-the-president\\\/#primaryimage\"},\"image\":{\"@id\":\"https:\\\/\\\/fundacionbotin.org\\\/en\\\/who-we-are\\\/letter-from-the-president\\\/#primaryimage\"},\"thumbnailUrl\":\"https:\\\/\\\/fundacionbotin.org\\\/wp-content\\\/uploads\\\/2021\\\/05\\\/carta-del-presidente.jpg\",\"datePublished\":\"2021-06-04T08:48:54+00:00\",\"dateModified\":\"2025-07-09T14:02:08+00:00\",\"breadcrumb\":{\"@id\":\"https:\\\/\\\/fundacionbotin.org\\\/en\\\/who-we-are\\\/letter-from-the-president\\\/#breadcrumb\"},\"inLanguage\":\"en-GB\",\"potentialAction\":[{\"@type\":\"ReadAction\",\"target\":[\"https:\\\/\\\/fundacionbotin.org\\\/en\\\/who-we-are\\\/letter-from-the-president\\\/\"]}]},{\"@type\":\"ImageObject\",\"inLanguage\":\"en-GB\",\"@id\":\"https:\\\/\\\/fundacionbotin.org\\\/en\\\/who-we-are\\\/letter-from-the-president\\\/#primaryimage\",\"url\":\"https:\\\/\\\/fundacionbotin.org\\\/wp-content\\\/uploads\\\/2021\\\/05\\\/carta-del-presidente.jpg\",\"contentUrl\":\"https:\\\/\\\/fundacionbotin.org\\\/wp-content\\\/uploads\\\/2021\\\/05\\\/carta-del-presidente.jpg\"},{\"@type\":\"BreadcrumbList\",\"@id\":\"https:\\\/\\\/fundacionbotin.org\\\/en\\\/who-we-are\\\/letter-from-the-president\\\/#breadcrumb\",\"itemListElement\":[{\"@type\":\"ListItem\",\"position\":1,\"name\":\"Portada\",\"item\":\"https:\\\/\\\/fundacionbotin.org\\\/en\\\/\"},{\"@type\":\"ListItem\",\"position\":2,\"name\":\"Who we are?\",\"item\":\"https:\\\/\\\/fundacionbotin.org\\\/en\\\/who-we-are\\\/\"},{\"@type\":\"ListItem\",\"position\":3,\"name\":\"Letter from the President\"}]},{\"@type\":\"WebSite\",\"@id\":\"https:\\\/\\\/fundacionbotin.org\\\/en\\\/#website\",\"url\":\"https:\\\/\\\/fundacionbotin.org\\\/en\\\/\",\"name\":\"Botin Foundation\",\"description\":\"Comprehensive development of society and creative talent\",\"publisher\":{\"@id\":\"https:\\\/\\\/fundacionbotin.org\\\/en\\\/#organization\"},\"potentialAction\":[{\"@type\":\"SearchAction\",\"target\":{\"@type\":\"EntryPoint\",\"urlTemplate\":\"https:\\\/\\\/fundacionbotin.org\\\/en\\\/?s={search_term_string}\"},\"query-input\":{\"@type\":\"PropertyValueSpecification\",\"valueRequired\":true,\"valueName\":\"search_term_string\"}}],\"inLanguage\":\"en-GB\"},{\"@type\":\"Organization\",\"@id\":\"https:\\\/\\\/fundacionbotin.org\\\/en\\\/#organization\",\"name\":\"Botin Foundation\",\"url\":\"https:\\\/\\\/fundacionbotin.org\\\/en\\\/\",\"logo\":{\"@type\":\"ImageObject\",\"inLanguage\":\"en-GB\",\"@id\":\"https:\\\/\\\/fundacionbotin.org\\\/en\\\/#\\\/schema\\\/logo\\\/image\\\/\",\"url\":\"https:\\\/\\\/fundacionbotin.org\\\/en\\\/wp-content\\\/uploads\\\/sites\\\/2\\\/2021\\\/06\\\/botin-foundation-logo.png\",\"contentUrl\":\"https:\\\/\\\/fundacionbotin.org\\\/en\\\/wp-content\\\/uploads\\\/sites\\\/2\\\/2021\\\/06\\\/botin-foundation-logo.png\",\"width\":100,\"height\":96,\"caption\":\"Botin Foundation\"},\"image\":{\"@id\":\"https:\\\/\\\/fundacionbotin.org\\\/en\\\/#\\\/schema\\\/logo\\\/image\\\/\"}}]}<\/script>\n<!-- \/ Yoast SEO plugin. -->","yoast_head_json":{"title":"Letter from the President - Botin Foundation","robots":{"index":"index","follow":"follow","max-snippet":"max-snippet:-1","max-image-preview":"max-image-preview:large","max-video-preview":"max-video-preview:-1"},"canonical":"https:\/\/fundacionbotin.org\/en\/who-we-are\/letter-from-the-president\/","og_locale":"en_GB","og_type":"article","og_title":"Letter from the President - Botin Foundation","og_description":"For Fundaci\u00f3n Bot\u00edn, the year 2024 was unquestionably marked by the sad death of Jaime Bot\u00ednSanz de Sautuola y Garc\u00eda de los R\u00edos, a member of the Foundation&#8217;s governing board since its creation in 1964 and vice-chairman of the Board of Trustees since its creation in 1995. Not only was Jaime Bot\u00edn one of the [&hellip;]","og_url":"https:\/\/fundacionbotin.org\/en\/who-we-are\/letter-from-the-president\/","og_site_name":"Botin Foundation","article_modified_time":"2025-07-09T14:02:08+00:00","twitter_card":"summary_large_image","twitter_misc":{"Estimated reading time":"3 minutes"},"schema":{"@context":"https:\/\/schema.org","@graph":[{"@type":"WebPage","@id":"https:\/\/fundacionbotin.org\/en\/who-we-are\/letter-from-the-president\/","url":"https:\/\/fundacionbotin.org\/en\/who-we-are\/letter-from-the-president\/","name":"Letter from the President - Botin Foundation","isPartOf":{"@id":"https:\/\/fundacionbotin.org\/en\/#website"},"primaryImageOfPage":{"@id":"https:\/\/fundacionbotin.org\/en\/who-we-are\/letter-from-the-president\/#primaryimage"},"image":{"@id":"https:\/\/fundacionbotin.org\/en\/who-we-are\/letter-from-the-president\/#primaryimage"},"thumbnailUrl":"https:\/\/fundacionbotin.org\/wp-content\/uploads\/2021\/05\/carta-del-presidente.jpg","datePublished":"2021-06-04T08:48:54+00:00","dateModified":"2025-07-09T14:02:08+00:00","breadcrumb":{"@id":"https:\/\/fundacionbotin.org\/en\/who-we-are\/letter-from-the-president\/#breadcrumb"},"inLanguage":"en-GB","potentialAction":[{"@type":"ReadAction","target":["https:\/\/fundacionbotin.org\/en\/who-we-are\/letter-from-the-president\/"]}]},{"@type":"ImageObject","inLanguage":"en-GB","@id":"https:\/\/fundacionbotin.org\/en\/who-we-are\/letter-from-the-president\/#primaryimage","url":"https:\/\/fundacionbotin.org\/wp-content\/uploads\/2021\/05\/carta-del-presidente.jpg","contentUrl":"https:\/\/fundacionbotin.org\/wp-content\/uploads\/2021\/05\/carta-del-presidente.jpg"},{"@type":"BreadcrumbList","@id":"https:\/\/fundacionbotin.org\/en\/who-we-are\/letter-from-the-president\/#breadcrumb","itemListElement":[{"@type":"ListItem","position":1,"name":"Portada","item":"https:\/\/fundacionbotin.org\/en\/"},{"@type":"ListItem","position":2,"name":"Who we are?","item":"https:\/\/fundacionbotin.org\/en\/who-we-are\/"},{"@type":"ListItem","position":3,"name":"Letter from the President"}]},{"@type":"WebSite","@id":"https:\/\/fundacionbotin.org\/en\/#website","url":"https:\/\/fundacionbotin.org\/en\/","name":"Botin Foundation","description":"Comprehensive development of society and creative talent","publisher":{"@id":"https:\/\/fundacionbotin.org\/en\/#organization"},"potentialAction":[{"@type":"SearchAction","target":{"@type":"EntryPoint","urlTemplate":"https:\/\/fundacionbotin.org\/en\/?s={search_term_string}"},"query-input":{"@type":"PropertyValueSpecification","valueRequired":true,"valueName":"search_term_string"}}],"inLanguage":"en-GB"},{"@type":"Organization","@id":"https:\/\/fundacionbotin.org\/en\/#organization","name":"Botin Foundation","url":"https:\/\/fundacionbotin.org\/en\/","logo":{"@type":"ImageObject","inLanguage":"en-GB","@id":"https:\/\/fundacionbotin.org\/en\/#\/schema\/logo\/image\/","url":"https:\/\/fundacionbotin.org\/en\/wp-content\/uploads\/sites\/2\/2021\/06\/botin-foundation-logo.png","contentUrl":"https:\/\/fundacionbotin.org\/en\/wp-content\/uploads\/sites\/2\/2021\/06\/botin-foundation-logo.png","width":100,"height":96,"caption":"Botin Foundation"},"image":{"@id":"https:\/\/fundacionbotin.org\/en\/#\/schema\/logo\/image\/"}}]}},"_links":{"self":[{"href":"https:\/\/fundacionbotin.org\/en\/wp-json\/wp\/v2\/pages\/73","targetHints":{"allow":["GET"]}}],"collection":[{"href":"https:\/\/fundacionbotin.org\/en\/wp-json\/wp\/v2\/pages"}],"about":[{"href":"https:\/\/fundacionbotin.org\/en\/wp-json\/wp\/v2\/types\/page"}],"author":[{"embeddable":true,"href":"https:\/\/fundacionbotin.org\/en\/wp-json\/wp\/v2\/users\/1"}],"replies":[{"embeddable":true,"href":"https:\/\/fundacionbotin.org\/en\/wp-json\/wp\/v2\/comments?post=73"}],"version-history":[{"count":4,"href":"https:\/\/fundacionbotin.org\/en\/wp-json\/wp\/v2\/pages\/73\/revisions"}],"predecessor-version":[{"id":3075,"href":"https:\/\/fundacionbotin.org\/en\/wp-json\/wp\/v2\/pages\/73\/revisions\/3075"}],"up":[{"embeddable":true,"href":"https:\/\/fundacionbotin.org\/en\/wp-json\/wp\/v2\/pages\/72"}],"wp:attachment":[{"href":"https:\/\/fundacionbotin.org\/en\/wp-json\/wp\/v2\/media?parent=73"}],"curies":[{"name":"wp","href":"https:\/\/api.w.org\/{rel}","templated":true}]}}