{"id":298,"date":"2021-06-10T09:38:11","date_gmt":"2021-06-10T09:38:11","guid":{"rendered":"https:\/\/fundacionbotin.org\/en\/?page_id=298"},"modified":"2021-11-18T08:56:09","modified_gmt":"2021-11-18T08:56:09","slug":"contact","status":"publish","type":"page","link":"https:\/\/fundacionbotin.org\/en\/contact\/","title":{"rendered":"Contact"},"content":{"rendered":"\n<div class=\"wp-block-columns is-layout-flex wp-container-core-columns-is-layout-9d6595d7 wp-block-columns-is-layout-flex\">\n<div class=\"wp-block-column pr-2 is-layout-flow wp-block-column-is-layout-flow\" style=\"flex-basis:60%\">\n<div class=\"wp-block-contact-form-7-contact-form-selector\">\n<div class=\"wpcf7 no-js\" id=\"wpcf7-f301-o1\" lang=\"en-GB\" dir=\"ltr\" data-wpcf7-id=\"301\">\n<div class=\"screen-reader-response\"><p role=\"status\" aria-live=\"polite\" aria-atomic=\"true\"><\/p> <ul><\/ul><\/div>\n<form action=\"\/en\/wp-json\/wp\/v2\/pages\/298#wpcf7-f301-o1\" method=\"post\" class=\"wpcf7-form init\" aria-label=\"Contact form\" novalidate=\"novalidate\" data-status=\"init\">\n<fieldset class=\"hidden-fields-container\"><input type=\"hidden\" name=\"_wpcf7\" value=\"301\" \/><input type=\"hidden\" name=\"_wpcf7_version\" value=\"6.1.5\" \/><input type=\"hidden\" name=\"_wpcf7_locale\" value=\"en_GB\" \/><input type=\"hidden\" name=\"_wpcf7_unit_tag\" value=\"wpcf7-f301-o1\" \/><input type=\"hidden\" name=\"_wpcf7_container_post\" value=\"0\" \/><input type=\"hidden\" name=\"_wpcf7_posted_data_hash\" value=\"\" \/>\n<\/fieldset>\n<p><label> Your name<br \/>\n<span class=\"wpcf7-form-control-wrap\" data-name=\"your-name\"><input size=\"40\" maxlength=\"400\" class=\"wpcf7-form-control wpcf7-text wpcf7-validates-as-required\" aria-required=\"true\" aria-invalid=\"false\" value=\"\" type=\"text\" name=\"your-name\" \/><\/span> <\/label>\n<\/p>\n<p><label> Your email<br \/>\n<span class=\"wpcf7-form-control-wrap\" data-name=\"your-email\"><input size=\"40\" maxlength=\"400\" class=\"wpcf7-form-control wpcf7-email wpcf7-validates-as-required wpcf7-text wpcf7-validates-as-email\" aria-required=\"true\" aria-invalid=\"false\" value=\"\" type=\"email\" name=\"your-email\" \/><\/span> <\/label>\n<\/p>\n<p><label> Subject<br \/>\n<span class=\"wpcf7-form-control-wrap\" data-name=\"your-subject\"><input size=\"40\" maxlength=\"400\" class=\"wpcf7-form-control wpcf7-text wpcf7-validates-as-required\" aria-required=\"true\" aria-invalid=\"false\" value=\"\" type=\"text\" name=\"your-subject\" \/><\/span> <\/label>\n<\/p>\n<p><label> Your message (optional)<br \/>\n<span class=\"wpcf7-form-control-wrap\" data-name=\"your-message\"><textarea cols=\"40\" rows=\"10\" maxlength=\"2000\" class=\"wpcf7-form-control wpcf7-textarea\" aria-invalid=\"false\" name=\"your-message\"><\/textarea><\/span> <\/label>\n<\/p>\n<p><input class=\"wpcf7-form-control wpcf7-submit has-spinner\" type=\"submit\" value=\"Send\" \/>\n<\/p><input type='hidden' class='wpcf7-pum' value='{\"closepopup\":false,\"closedelay\":0,\"openpopup\":false,\"openpopup_id\":0}' \/><div class=\"wpcf7-response-output\" aria-hidden=\"true\"><\/div>\n<\/form>\n<\/div>\n<\/div>\n<\/div>\n\n\n\n<div class=\"wp-block-column pl-4 is-layout-flow wp-block-column-is-layout-flow\" style=\"flex-basis:40%\">\n<p><strong>COMUNICACI\u00d3N<\/strong><br><a href=\"mailto:prensa@fundacionbotin.org\" target=\"_blank\" rel=\"noreferrer noopener\">prensa@fundacionbotin.org<\/a><\/p>\n\n\n\n<p><strong>TALENTO SOLIDARIO<\/strong><br><a href=\"mailto:talentosolidario@fundacionbotin.org\" target=\"_blank\" rel=\"noreferrer noopener\">talentosolidario@fundacionbotin.org<\/a><\/p>\n\n\n\n<p><strong>FORTALECIMIENTO DE LA FUNCI\u00d3N P\u00daBLICA EN AM\u00c9RICA LATINA<\/strong><br><a href=\"mailto:pfi@fundacionbotin.org\" target=\"_blank\" rel=\"noreferrer noopener\">pfi@fundacionbotin.org<\/a><\/p>\n\n\n\n<p><strong>OBSERVATORIO DEL AGUA<\/strong><br><a href=\"mailto:observatorio@fundacionbotin.org\" target=\"_blank\" rel=\"noreferrer noopener\"><\/a><a href=\"mailto:observatorio@fundacionbotin.org\">agua@fundacionbotin.org<\/a><\/p>\n\n\n\n<p><strong>CIENCIA<\/strong><br><a href=\"mailto:ciencia@fundacionbotin.org\" target=\"_blank\" rel=\"noreferrer noopener\">ciencia@fundacionbotin.org<\/a><\/p>\n\n\n\n<p><strong>EDUCACI\u00d3N<\/strong><br><a href=\"mailto:educacion@fundacionbotin.org\" target=\"_blank\" rel=\"noreferrer noopener\">educacion@fundacionbotin.org<\/a><\/p>\n\n\n\n<p><strong>DESARROLLO RURAL<\/strong><br><a href=\"mailto:drural@fundacionbotin.org\" target=\"_blank\" rel=\"noreferrer noopener\">drural@fundacionbotin.org<\/a><\/p>\n\n\n\n<p><strong>CENTRO BOT\u00cdN<\/strong><br><a href=\"mailto:info@centrobotin.org\" target=\"_blank\" rel=\"noreferrer noopener\">info@centrobotin.org<\/a><\/p>\n<\/div>\n<\/div>\n","protected":false},"excerpt":{"rendered":"<p>COMUNICACI\u00d3Nprensa@fundacionbotin.org TALENTO SOLIDARIOtalentosolidario@fundacionbotin.org FORTALECIMIENTO DE LA FUNCI\u00d3N P\u00daBLICA EN AM\u00c9RICA LATINApfi@fundacionbotin.org OBSERVATORIO DEL AGUAagua@fundacionbotin.org CIENCIAciencia@fundacionbotin.org EDUCACI\u00d3Neducacion@fundacionbotin.org DESARROLLO RURALdrural@fundacionbotin.org CENTRO BOT\u00cdNinfo@centrobotin.org<\/p>\n","protected":false},"author":1,"featured_media":0,"parent":0,"menu_order":0,"comment_status":"closed","ping_status":"closed","template":"","meta":{"_acf_changed":false,"footnotes":""},"class_list":["post-298","page","type-page","status-publish","hentry"],"acf":[],"yoast_head":"<!-- This site is optimized with the Yoast SEO plugin v27.3 - https:\/\/yoast.com\/product\/yoast-seo-wordpress\/ -->\n<title>Contact - Botin Foundation<\/title>\n<meta name=\"robots\" content=\"index, follow, max-snippet:-1, max-image-preview:large, max-video-preview:-1\" \/>\n<link rel=\"canonical\" href=\"https:\/\/fundacionbotin.org\/en\/contact\/\" \/>\n<meta property=\"og:locale\" content=\"en_GB\" \/>\n<meta property=\"og:type\" content=\"article\" \/>\n<meta property=\"og:title\" content=\"Contact - Botin Foundation\" \/>\n<meta property=\"og:description\" content=\"COMUNICACI\u00d3Nprensa@fundacionbotin.org TALENTO SOLIDARIOtalentosolidario@fundacionbotin.org FORTALECIMIENTO DE LA FUNCI\u00d3N P\u00daBLICA EN AM\u00c9RICA LATINApfi@fundacionbotin.org OBSERVATORIO DEL AGUAagua@fundacionbotin.org CIENCIAciencia@fundacionbotin.org EDUCACI\u00d3Neducacion@fundacionbotin.org DESARROLLO RURALdrural@fundacionbotin.org CENTRO BOT\u00cdNinfo@centrobotin.org\" \/>\n<meta property=\"og:url\" content=\"https:\/\/fundacionbotin.org\/en\/contact\/\" \/>\n<meta property=\"og:site_name\" content=\"Botin Foundation\" \/>\n<meta property=\"article:modified_time\" content=\"2021-11-18T08:56:09+00:00\" \/>\n<meta name=\"twitter:card\" content=\"summary_large_image\" \/>\n<script type=\"application\/ld+json\" class=\"yoast-schema-graph\">{\"@context\":\"https:\\\/\\\/schema.org\",\"@graph\":[{\"@type\":\"WebPage\",\"@id\":\"https:\\\/\\\/fundacionbotin.org\\\/en\\\/contact\\\/\",\"url\":\"https:\\\/\\\/fundacionbotin.org\\\/en\\\/contact\\\/\",\"name\":\"Contact - Botin Foundation\",\"isPartOf\":{\"@id\":\"https:\\\/\\\/fundacionbotin.org\\\/en\\\/#website\"},\"datePublished\":\"2021-06-10T09:38:11+00:00\",\"dateModified\":\"2021-11-18T08:56:09+00:00\",\"breadcrumb\":{\"@id\":\"https:\\\/\\\/fundacionbotin.org\\\/en\\\/contact\\\/#breadcrumb\"},\"inLanguage\":\"en-GB\",\"potentialAction\":[{\"@type\":\"ReadAction\",\"target\":[\"https:\\\/\\\/fundacionbotin.org\\\/en\\\/contact\\\/\"]}]},{\"@type\":\"BreadcrumbList\",\"@id\":\"https:\\\/\\\/fundacionbotin.org\\\/en\\\/contact\\\/#breadcrumb\",\"itemListElement\":[{\"@type\":\"ListItem\",\"position\":1,\"name\":\"Portada\",\"item\":\"https:\\\/\\\/fundacionbotin.org\\\/en\\\/\"},{\"@type\":\"ListItem\",\"position\":2,\"name\":\"Contact\"}]},{\"@type\":\"WebSite\",\"@id\":\"https:\\\/\\\/fundacionbotin.org\\\/en\\\/#website\",\"url\":\"https:\\\/\\\/fundacionbotin.org\\\/en\\\/\",\"name\":\"Botin Foundation\",\"description\":\"Comprehensive development of society and creative talent\",\"publisher\":{\"@id\":\"https:\\\/\\\/fundacionbotin.org\\\/en\\\/#organization\"},\"potentialAction\":[{\"@type\":\"SearchAction\",\"target\":{\"@type\":\"EntryPoint\",\"urlTemplate\":\"https:\\\/\\\/fundacionbotin.org\\\/en\\\/?s={search_term_string}\"},\"query-input\":{\"@type\":\"PropertyValueSpecification\",\"valueRequired\":true,\"valueName\":\"search_term_string\"}}],\"inLanguage\":\"en-GB\"},{\"@type\":\"Organization\",\"@id\":\"https:\\\/\\\/fundacionbotin.org\\\/en\\\/#organization\",\"name\":\"Botin Foundation\",\"url\":\"https:\\\/\\\/fundacionbotin.org\\\/en\\\/\",\"logo\":{\"@type\":\"ImageObject\",\"inLanguage\":\"en-GB\",\"@id\":\"https:\\\/\\\/fundacionbotin.org\\\/en\\\/#\\\/schema\\\/logo\\\/image\\\/\",\"url\":\"https:\\\/\\\/fundacionbotin.org\\\/en\\\/wp-content\\\/uploads\\\/sites\\\/2\\\/2021\\\/06\\\/botin-foundation-logo.png\",\"contentUrl\":\"https:\\\/\\\/fundacionbotin.org\\\/en\\\/wp-content\\\/uploads\\\/sites\\\/2\\\/2021\\\/06\\\/botin-foundation-logo.png\",\"width\":100,\"height\":96,\"caption\":\"Botin Foundation\"},\"image\":{\"@id\":\"https:\\\/\\\/fundacionbotin.org\\\/en\\\/#\\\/schema\\\/logo\\\/image\\\/\"}}]}<\/script>\n<!-- \/ Yoast SEO plugin. -->","yoast_head_json":{"title":"Contact - Botin Foundation","robots":{"index":"index","follow":"follow","max-snippet":"max-snippet:-1","max-image-preview":"max-image-preview:large","max-video-preview":"max-video-preview:-1"},"canonical":"https:\/\/fundacionbotin.org\/en\/contact\/","og_locale":"en_GB","og_type":"article","og_title":"Contact - Botin Foundation","og_description":"COMUNICACI\u00d3Nprensa@fundacionbotin.org TALENTO SOLIDARIOtalentosolidario@fundacionbotin.org FORTALECIMIENTO DE LA FUNCI\u00d3N P\u00daBLICA EN AM\u00c9RICA LATINApfi@fundacionbotin.org OBSERVATORIO DEL AGUAagua@fundacionbotin.org CIENCIAciencia@fundacionbotin.org EDUCACI\u00d3Neducacion@fundacionbotin.org DESARROLLO RURALdrural@fundacionbotin.org CENTRO BOT\u00cdNinfo@centrobotin.org","og_url":"https:\/\/fundacionbotin.org\/en\/contact\/","og_site_name":"Botin Foundation","article_modified_time":"2021-11-18T08:56:09+00:00","twitter_card":"summary_large_image","schema":{"@context":"https:\/\/schema.org","@graph":[{"@type":"WebPage","@id":"https:\/\/fundacionbotin.org\/en\/contact\/","url":"https:\/\/fundacionbotin.org\/en\/contact\/","name":"Contact - Botin Foundation","isPartOf":{"@id":"https:\/\/fundacionbotin.org\/en\/#website"},"datePublished":"2021-06-10T09:38:11+00:00","dateModified":"2021-11-18T08:56:09+00:00","breadcrumb":{"@id":"https:\/\/fundacionbotin.org\/en\/contact\/#breadcrumb"},"inLanguage":"en-GB","potentialAction":[{"@type":"ReadAction","target":["https:\/\/fundacionbotin.org\/en\/contact\/"]}]},{"@type":"BreadcrumbList","@id":"https:\/\/fundacionbotin.org\/en\/contact\/#breadcrumb","itemListElement":[{"@type":"ListItem","position":1,"name":"Portada","item":"https:\/\/fundacionbotin.org\/en\/"},{"@type":"ListItem","position":2,"name":"Contact"}]},{"@type":"WebSite","@id":"https:\/\/fundacionbotin.org\/en\/#website","url":"https:\/\/fundacionbotin.org\/en\/","name":"Botin Foundation","description":"Comprehensive development of society and creative talent","publisher":{"@id":"https:\/\/fundacionbotin.org\/en\/#organization"},"potentialAction":[{"@type":"SearchAction","target":{"@type":"EntryPoint","urlTemplate":"https:\/\/fundacionbotin.org\/en\/?s={search_term_string}"},"query-input":{"@type":"PropertyValueSpecification","valueRequired":true,"valueName":"search_term_string"}}],"inLanguage":"en-GB"},{"@type":"Organization","@id":"https:\/\/fundacionbotin.org\/en\/#organization","name":"Botin Foundation","url":"https:\/\/fundacionbotin.org\/en\/","logo":{"@type":"ImageObject","inLanguage":"en-GB","@id":"https:\/\/fundacionbotin.org\/en\/#\/schema\/logo\/image\/","url":"https:\/\/fundacionbotin.org\/en\/wp-content\/uploads\/sites\/2\/2021\/06\/botin-foundation-logo.png","contentUrl":"https:\/\/fundacionbotin.org\/en\/wp-content\/uploads\/sites\/2\/2021\/06\/botin-foundation-logo.png","width":100,"height":96,"caption":"Botin Foundation"},"image":{"@id":"https:\/\/fundacionbotin.org\/en\/#\/schema\/logo\/image\/"}}]}},"_links":{"self":[{"href":"https:\/\/fundacionbotin.org\/en\/wp-json\/wp\/v2\/pages\/298","targetHints":{"allow":["GET"]}}],"collection":[{"href":"https:\/\/fundacionbotin.org\/en\/wp-json\/wp\/v2\/pages"}],"about":[{"href":"https:\/\/fundacionbotin.org\/en\/wp-json\/wp\/v2\/types\/page"}],"author":[{"embeddable":true,"href":"https:\/\/fundacionbotin.org\/en\/wp-json\/wp\/v2\/users\/1"}],"replies":[{"embeddable":true,"href":"https:\/\/fundacionbotin.org\/en\/wp-json\/wp\/v2\/comments?post=298"}],"version-history":[{"count":5,"href":"https:\/\/fundacionbotin.org\/en\/wp-json\/wp\/v2\/pages\/298\/revisions"}],"predecessor-version":[{"id":881,"href":"https:\/\/fundacionbotin.org\/en\/wp-json\/wp\/v2\/pages\/298\/revisions\/881"}],"wp:attachment":[{"href":"https:\/\/fundacionbotin.org\/en\/wp-json\/wp\/v2\/media?parent=298"}],"curies":[{"name":"wp","href":"https:\/\/api.w.org\/{rel}","templated":true}]}}