{"id":1955,"date":"2024-02-01T11:25:20","date_gmt":"2024-02-01T11:25:20","guid":{"rendered":"https:\/\/fundacionbotin.org\/en\/?page_id=1955"},"modified":"2026-02-26T09:45:15","modified_gmt":"2026-02-26T09:45:15","slug":"workshop-yuko","status":"publish","type":"page","link":"https:\/\/fundacionbotin.org\/en\/grants-and-calls-for-applications\/workshop-yuko\/","title":{"rendered":"Art workshops"},"content":{"rendered":"\n<div class=\"wp-block-columns is-layout-flex wp-container-core-columns-is-layout-9d6595d7 wp-block-columns-is-layout-flex\">\n<div class=\"wp-block-column is-layout-flow wp-block-column-is-layout-flow\" style=\"flex-basis:66.66%\">\n<p>Since 1994 renowned artists have passed through the&nbsp;<strong>Art Workshops<\/strong>, spending a coupe of weeks closely working with young artists from all over the world who come to Santander for this activity.<\/p>\n\n\n\n<p>Juan Usl\u00e9, Gabriel Orozco, Juli\u00e2o Sarmento, Miroslaw Balka, Antoni Muntadas, Jannis Kounellis, Mona Hatoum, Paul Graham, Lothar Baumgarten, Tacita Dean, Carlos Garaicoa, Julie Mehretu, Joan Jonas, Carsten H\u00f6ller, Cristina Iglesias, Martin Creed, Dami\u00e1n Ortega y Roni Horn are just some of the artists-directors that have worked with the Fundaci\u00f3n Bot\u00edn.<\/p>\n\n\n\n<p><\/p>\n\n\n\n<p><\/p>\n<\/div>\n\n\n\n<div class=\"wp-block-column is-layout-flow wp-block-column-is-layout-flow\" style=\"flex-basis:33.33%\">\n<div class=\"wp-block-group has-dark-background-color has-background\"><div class=\"wp-block-group__inner-container is-layout-flow wp-block-group-is-layout-flow\">\n<p class=\"text-h4\"><strong>Workshop by YUKO MOHRI<\/strong><\/p>\n\n\n\n<p>Yuko Mohri will lead a workshop in Santander from June 1 to 10, 2026, titled <em>Mor\u00e9 Mor\u00e9 (Leaky): Santander <\/em>and organised by Fundaci\u00f3n Bot\u00edn.<\/p>\n\n\n\n<div class=\"wp-block-buttons is-content-justification-center is-layout-flex wp-container-core-buttons-is-layout-16018d1d wp-block-buttons-is-layout-flex\">\n<div class=\"wp-block-button\"><a class=\"wp-block-button__link has-text-align-center wp-element-button\" href=\"https:\/\/servicios.fundacionmbotin.org\/ConvocatoriasPropias\/es\/Convocatorias\/VerConvocatoria?Id=559\">WORKSHOP<\/a><\/div>\n<\/div>\n<\/div><\/div>\n<\/div>\n<\/div>\n\n\n\n<h4 class=\"wp-block-heading has-dark-color has-text-color\">Workshop by YUKO MOHRI<\/h4>\n\n\n\n<p><strong>Yuko Mohri will lead a workshop in Santander from June 1 to 10, 2026, titled <em>Mor\u00e9 Mor\u00e9 (Leaky): Santander<\/em> and organised by Fundaci\u00f3n Bot\u00edn<\/strong>. Participants will first explore Mohri\u2019s exhibition Entanglements at Centro Bot\u00edn, which entail an ad-hoc bricolage and the \u201cBeauty of Use\u201d (to borrow Japanese philosopher Soetsu Yanagi\u2019s term). For Yuko, finding beauty \u2014its aesthetic value and meaning\u2014 in everyday, functional objects lies at the root of the artistic process.<\/p>\n\n\n\n<p>The artist began collecting photographic documentation of areas damaged by water leaks (\u201cLeaky Spots\u201d) in Tokyo subway stations as part of her fieldwork between 2009 and 2021. Station staff resort to everyday objects \u2014such as buckets, tarps, adhesive tape, bottles and even plastic umbrellas\u2014 to deal with groundwater leaks in the urban infrastructure. This process of DIY bricolage has been incorporated by Mohri into her own artistic practice.<\/p>\n\n\n\n<p>It was in this context that her well-known series Mor\u00e9 Mor\u00e9 (Leaky) emerged, which is included in the exhibition and which participants will explore together with the artist. This series forms the basis of the workshop, which will be complemented by conversations, participatory activities and collaborative work.<\/p>\n\n\n\n<p><\/p>\n\n\n\n<h5 class=\"wp-block-heading has-primary-color has-text-color\">Yuko Mohri (Kanagawa, Japan, 1980), lives and works in Tokyo.<\/h5>\n\n\n\n<p>Mohri pursued an interdisciplinary course of study in fine arts at the Tokyo University of the Arts and her work has stood out from the very beginning for its connection to sound and music. She is also known for her intricate and original compositions and was recently selected to represent Japan at the 60th Venice Biennale (2024). Inspired by Marcel Duchamp (1887\u20131968) and Alexander Calder (1898\u20131976), Mohri creates site-specific kinetic sculptures that incorporate found items, as well as reworked musical instruments connected to electronic circuits. Her work responds to imperceptible, transient, and ephemeral phenomena, such as gravity, magnetism, heat, and humidity. Random and unstable environmental elements\u2014such as air, dust, debris, and temperature\u2014shape her assemblages, transforming them into organic ecosystems where the sound component is central.<\/p>\n\n\n\n<hr class=\"wp-block-separator has-css-opacity\"\/>\n\n\n\n<p><strong>Workshop led by<\/strong><br>Yuko Mohri<\/p>\n\n\n\n<p><strong>Dates<\/strong><br>1-10 June, 2026.<\/p>\n\n\n\n<p><strong>Place<\/strong><br>Fundaci\u00f3n Bot\u00edn and Centro Bot\u00edn, Santander (Spain).<\/p>\n\n\n\n<p><strong>Schedule<\/strong><br>From Monday to Friday, activities will take place from 12 pm to 5 pm, with access to a workspace from 10 am to 8 pm.<br>The final schedule will be defined during the workshop and will be adjusted to the daily activities proposed by Yuko Mohri.<\/p>\n\n\n\n<p><strong>Intended for<\/strong><br>Musicians (with any level of skill, experience or musical genre), artists, and anyone who, regardless of their background, is interested in the creation of objects and collaborative work. <\/p>\n\n\n\n<p>The workshop will be carried out in English, and participants are expected to commit to attending all sessions.<\/p>\n\n\n\n<p><strong>Materials<\/strong><br>Fundaci\u00f3n Bot\u00edn will provide workspace and materials as per indicated by the workshop director. Participants will be informed in advance if there is any material they need to bring to the workshop<\/p>\n\n\n\n<p><strong>Support<\/strong><br>Fundaci\u00f3n Bot\u00edn provides accommodation and breakfast to all participants who are not residents in Cantabria. In addition, each participant will also receive a stipend of 350 \u20ac as support for the cost of living expenses. This amount will be paid at the beginning of the workshop, after filling in and providing the necessary administrative data.<\/p>\n\n\n\n<p><strong>Selection<\/strong><br>A maximum of 15 participants will be chosen by the director of the workshop. Fundaci\u00f3n Bot\u00edn will make the decision public, which shall be final.<\/p>\n\n\n\n<p><strong>Deadlines<\/strong><br>Deadline for applications is April 10, 2026. The selected candidates will be contacted by Fundaci\u00f3n Bot\u00edn from April 30, 2026. All other candidates may consult the results on the website.<\/p>\n\n\n\n<p><strong>Required documentation<\/strong><br>All applications must be submitted electronically in English, via <a href=\"https:\/\/fundacionbotin.org\/en\/grants-and-calls-for-applications\/\" target=\"_blank\" rel=\"noreferrer noopener\">https:\/\/fundacionbotin.org\/en\/grants-and-calls-for-applications\/<\/a> or <a href=\"https:\/\/www.centrobotin.org\/en\/beca\/taller-de-yuko-mohri-more-more-leaky-santander\/\" target=\"_blank\" rel=\"noreferrer noopener\">https:\/\/www.centrobotin.org\/en\/beca\/taller-de-yuko-mohri-more-more-leaky-santander\/<\/a><\/p>\n\n\n\n<p>Please include the following in a single PDF (max. 4Mb):<\/p>\n\n\n\n<ul class=\"wp-block-list\">\n<li>Valid National ID Card or Passport.<\/li>\n\n\n\n<li>Current address of residency and updated contact details (full name, place of residency, email, telephone number).<\/li>\n\n\n\n<li>An up to date biography.<\/li>\n\n\n\n<li>A short text (max. 1 page), which outlines the applicant\u2019s interest and motivation in participating in<br>the workshop.<\/li>\n\n\n\n<li>Documentation of recent work as well as information that allows knowing their abilities or areas of<br>expertise.<\/li>\n<\/ul>\n\n\n\n<p><strong>Confirmation of participation<br><\/strong>Those selected must confirm their acceptance within the terms and forms indicated by Fundaci\u00f3n Bot\u00edn.<br>The reservation of a place will be considered formalised once a copy of the travel tickets to Santander that certify the participant\u2019s travel plans on the dates of the workshop has been received.<br>The participants are responsible for the planning and financial underwriting of their travel to and from Santander.<\/p>\n\n\n\n<p><strong>Observations<\/strong><br>The workshop will require creative openness, artistic skills, and collaborative work.<br>Candidates from all over the globe are encouraged to participate in this activity.<br>Please note that applications missing any of the required documents will not be considered.<\/p>\n\n\n\n<div class=\"wp-block-columns is-layout-flex wp-container-core-columns-is-layout-9d6595d7 wp-block-columns-is-layout-flex\">\n<div class=\"wp-block-column is-layout-flow wp-block-column-is-layout-flow\">\n<div class=\"wp-block-buttons is-content-justification-center is-layout-flex wp-container-core-buttons-is-layout-16018d1d wp-block-buttons-is-layout-flex\">\n<div class=\"wp-block-button\"><a class=\"wp-block-button__link has-small-font-size has-custom-font-size wp-element-button\" href=\"https:\/\/fundacionbotin.org\/wp-content\/uploads\/2026\/02\/Convocatoria-taller-Yuko-EN_4.pdf\" target=\"_blank\" rel=\"noreferrer noopener\">more information<\/a><\/div>\n<\/div>\n<\/div>\n<\/div>\n","protected":false},"excerpt":{"rendered":"<p>Since 1994 renowned artists have passed through the&nbsp;Art Workshops, spending a coupe of weeks closely working with young artists from all over the world who come to Santander for this activity. Juan Usl\u00e9, Gabriel Orozco, Juli\u00e2o Sarmento, Miroslaw Balka, Antoni Muntadas, Jannis Kounellis, Mona Hatoum, Paul Graham, Lothar Baumgarten, Tacita Dean, Carlos Garaicoa, Julie Mehretu, [&hellip;]<\/p>\n","protected":false},"author":8,"featured_media":0,"parent":717,"menu_order":0,"comment_status":"closed","ping_status":"closed","template":"","meta":{"_acf_changed":false,"footnotes":""},"class_list":["post-1955","page","type-page","status-publish","hentry"],"acf":[],"yoast_head":"<!-- This site is optimized with the Yoast SEO plugin v27.3 - https:\/\/yoast.com\/product\/yoast-seo-wordpress\/ -->\n<title>Workshop by COOKING SECTIONS<\/title>\n<meta name=\"robots\" content=\"index, follow, max-snippet:-1, max-image-preview:large, max-video-preview:-1\" \/>\n<link rel=\"canonical\" href=\"https:\/\/fundacionbotin.org\/en\/grants-and-calls-for-applications\/workshop-yuko\/\" \/>\n<meta property=\"og:locale\" content=\"en_GB\" \/>\n<meta property=\"og:type\" content=\"article\" \/>\n<meta property=\"og:title\" content=\"Workshop by COOKING SECTIONS\" \/>\n<meta property=\"og:description\" content=\"Since 1994 renowned artists have passed through the&nbsp;Art Workshops, spending a coupe of weeks closely working with young artists from all over the world who come to Santander for this activity. Juan Usl\u00e9, Gabriel Orozco, Juli\u00e2o Sarmento, Miroslaw Balka, Antoni Muntadas, Jannis Kounellis, Mona Hatoum, Paul Graham, Lothar Baumgarten, Tacita Dean, Carlos Garaicoa, Julie Mehretu, [&hellip;]\" \/>\n<meta property=\"og:url\" content=\"https:\/\/fundacionbotin.org\/en\/grants-and-calls-for-applications\/workshop-yuko\/\" \/>\n<meta property=\"og:site_name\" content=\"Botin Foundation\" \/>\n<meta property=\"article:modified_time\" content=\"2026-02-26T09:45:15+00:00\" \/>\n<meta name=\"twitter:card\" content=\"summary_large_image\" \/>\n<meta name=\"twitter:label1\" content=\"Estimated reading time\" \/>\n\t<meta name=\"twitter:data1\" content=\"4 minutes\" \/>\n<script type=\"application\/ld+json\" class=\"yoast-schema-graph\">{\"@context\":\"https:\\\/\\\/schema.org\",\"@graph\":[{\"@type\":\"WebPage\",\"@id\":\"https:\\\/\\\/fundacionbotin.org\\\/en\\\/grants-and-calls-for-applications\\\/workshop-yuko\\\/\",\"url\":\"https:\\\/\\\/fundacionbotin.org\\\/en\\\/grants-and-calls-for-applications\\\/workshop-yuko\\\/\",\"name\":\"Workshop by COOKING SECTIONS\",\"isPartOf\":{\"@id\":\"https:\\\/\\\/fundacionbotin.org\\\/en\\\/#website\"},\"datePublished\":\"2024-02-01T11:25:20+00:00\",\"dateModified\":\"2026-02-26T09:45:15+00:00\",\"breadcrumb\":{\"@id\":\"https:\\\/\\\/fundacionbotin.org\\\/en\\\/grants-and-calls-for-applications\\\/workshop-yuko\\\/#breadcrumb\"},\"inLanguage\":\"en-GB\",\"potentialAction\":[{\"@type\":\"ReadAction\",\"target\":[\"https:\\\/\\\/fundacionbotin.org\\\/en\\\/grants-and-calls-for-applications\\\/workshop-yuko\\\/\"]}]},{\"@type\":\"BreadcrumbList\",\"@id\":\"https:\\\/\\\/fundacionbotin.org\\\/en\\\/grants-and-calls-for-applications\\\/workshop-yuko\\\/#breadcrumb\",\"itemListElement\":[{\"@type\":\"ListItem\",\"position\":1,\"name\":\"Portada\",\"item\":\"https:\\\/\\\/fundacionbotin.org\\\/en\\\/\"},{\"@type\":\"ListItem\",\"position\":2,\"name\":\"Grants and workshops\",\"item\":\"https:\\\/\\\/fundacionbotin.org\\\/en\\\/grants-and-calls-for-applications\\\/\"},{\"@type\":\"ListItem\",\"position\":3,\"name\":\"Art workshops\"}]},{\"@type\":\"WebSite\",\"@id\":\"https:\\\/\\\/fundacionbotin.org\\\/en\\\/#website\",\"url\":\"https:\\\/\\\/fundacionbotin.org\\\/en\\\/\",\"name\":\"Botin Foundation\",\"description\":\"Comprehensive development of society and creative talent\",\"publisher\":{\"@id\":\"https:\\\/\\\/fundacionbotin.org\\\/en\\\/#organization\"},\"potentialAction\":[{\"@type\":\"SearchAction\",\"target\":{\"@type\":\"EntryPoint\",\"urlTemplate\":\"https:\\\/\\\/fundacionbotin.org\\\/en\\\/?s={search_term_string}\"},\"query-input\":{\"@type\":\"PropertyValueSpecification\",\"valueRequired\":true,\"valueName\":\"search_term_string\"}}],\"inLanguage\":\"en-GB\"},{\"@type\":\"Organization\",\"@id\":\"https:\\\/\\\/fundacionbotin.org\\\/en\\\/#organization\",\"name\":\"Botin Foundation\",\"url\":\"https:\\\/\\\/fundacionbotin.org\\\/en\\\/\",\"logo\":{\"@type\":\"ImageObject\",\"inLanguage\":\"en-GB\",\"@id\":\"https:\\\/\\\/fundacionbotin.org\\\/en\\\/#\\\/schema\\\/logo\\\/image\\\/\",\"url\":\"https:\\\/\\\/fundacionbotin.org\\\/en\\\/wp-content\\\/uploads\\\/sites\\\/2\\\/2021\\\/06\\\/botin-foundation-logo.png\",\"contentUrl\":\"https:\\\/\\\/fundacionbotin.org\\\/en\\\/wp-content\\\/uploads\\\/sites\\\/2\\\/2021\\\/06\\\/botin-foundation-logo.png\",\"width\":100,\"height\":96,\"caption\":\"Botin Foundation\"},\"image\":{\"@id\":\"https:\\\/\\\/fundacionbotin.org\\\/en\\\/#\\\/schema\\\/logo\\\/image\\\/\"}}]}<\/script>\n<!-- \/ Yoast SEO plugin. -->","yoast_head_json":{"title":"Workshop by COOKING SECTIONS","robots":{"index":"index","follow":"follow","max-snippet":"max-snippet:-1","max-image-preview":"max-image-preview:large","max-video-preview":"max-video-preview:-1"},"canonical":"https:\/\/fundacionbotin.org\/en\/grants-and-calls-for-applications\/workshop-yuko\/","og_locale":"en_GB","og_type":"article","og_title":"Workshop by COOKING SECTIONS","og_description":"Since 1994 renowned artists have passed through the&nbsp;Art Workshops, spending a coupe of weeks closely working with young artists from all over the world who come to Santander for this activity. Juan Usl\u00e9, Gabriel Orozco, Juli\u00e2o Sarmento, Miroslaw Balka, Antoni Muntadas, Jannis Kounellis, Mona Hatoum, Paul Graham, Lothar Baumgarten, Tacita Dean, Carlos Garaicoa, Julie Mehretu, [&hellip;]","og_url":"https:\/\/fundacionbotin.org\/en\/grants-and-calls-for-applications\/workshop-yuko\/","og_site_name":"Botin Foundation","article_modified_time":"2026-02-26T09:45:15+00:00","twitter_card":"summary_large_image","twitter_misc":{"Estimated reading time":"4 minutes"},"schema":{"@context":"https:\/\/schema.org","@graph":[{"@type":"WebPage","@id":"https:\/\/fundacionbotin.org\/en\/grants-and-calls-for-applications\/workshop-yuko\/","url":"https:\/\/fundacionbotin.org\/en\/grants-and-calls-for-applications\/workshop-yuko\/","name":"Workshop by COOKING SECTIONS","isPartOf":{"@id":"https:\/\/fundacionbotin.org\/en\/#website"},"datePublished":"2024-02-01T11:25:20+00:00","dateModified":"2026-02-26T09:45:15+00:00","breadcrumb":{"@id":"https:\/\/fundacionbotin.org\/en\/grants-and-calls-for-applications\/workshop-yuko\/#breadcrumb"},"inLanguage":"en-GB","potentialAction":[{"@type":"ReadAction","target":["https:\/\/fundacionbotin.org\/en\/grants-and-calls-for-applications\/workshop-yuko\/"]}]},{"@type":"BreadcrumbList","@id":"https:\/\/fundacionbotin.org\/en\/grants-and-calls-for-applications\/workshop-yuko\/#breadcrumb","itemListElement":[{"@type":"ListItem","position":1,"name":"Portada","item":"https:\/\/fundacionbotin.org\/en\/"},{"@type":"ListItem","position":2,"name":"Grants and workshops","item":"https:\/\/fundacionbotin.org\/en\/grants-and-calls-for-applications\/"},{"@type":"ListItem","position":3,"name":"Art workshops"}]},{"@type":"WebSite","@id":"https:\/\/fundacionbotin.org\/en\/#website","url":"https:\/\/fundacionbotin.org\/en\/","name":"Botin Foundation","description":"Comprehensive development of society and creative talent","publisher":{"@id":"https:\/\/fundacionbotin.org\/en\/#organization"},"potentialAction":[{"@type":"SearchAction","target":{"@type":"EntryPoint","urlTemplate":"https:\/\/fundacionbotin.org\/en\/?s={search_term_string}"},"query-input":{"@type":"PropertyValueSpecification","valueRequired":true,"valueName":"search_term_string"}}],"inLanguage":"en-GB"},{"@type":"Organization","@id":"https:\/\/fundacionbotin.org\/en\/#organization","name":"Botin Foundation","url":"https:\/\/fundacionbotin.org\/en\/","logo":{"@type":"ImageObject","inLanguage":"en-GB","@id":"https:\/\/fundacionbotin.org\/en\/#\/schema\/logo\/image\/","url":"https:\/\/fundacionbotin.org\/en\/wp-content\/uploads\/sites\/2\/2021\/06\/botin-foundation-logo.png","contentUrl":"https:\/\/fundacionbotin.org\/en\/wp-content\/uploads\/sites\/2\/2021\/06\/botin-foundation-logo.png","width":100,"height":96,"caption":"Botin Foundation"},"image":{"@id":"https:\/\/fundacionbotin.org\/en\/#\/schema\/logo\/image\/"}}]}},"_links":{"self":[{"href":"https:\/\/fundacionbotin.org\/en\/wp-json\/wp\/v2\/pages\/1955","targetHints":{"allow":["GET"]}}],"collection":[{"href":"https:\/\/fundacionbotin.org\/en\/wp-json\/wp\/v2\/pages"}],"about":[{"href":"https:\/\/fundacionbotin.org\/en\/wp-json\/wp\/v2\/types\/page"}],"author":[{"embeddable":true,"href":"https:\/\/fundacionbotin.org\/en\/wp-json\/wp\/v2\/users\/8"}],"replies":[{"embeddable":true,"href":"https:\/\/fundacionbotin.org\/en\/wp-json\/wp\/v2\/comments?post=1955"}],"version-history":[{"count":26,"href":"https:\/\/fundacionbotin.org\/en\/wp-json\/wp\/v2\/pages\/1955\/revisions"}],"predecessor-version":[{"id":3254,"href":"https:\/\/fundacionbotin.org\/en\/wp-json\/wp\/v2\/pages\/1955\/revisions\/3254"}],"up":[{"embeddable":true,"href":"https:\/\/fundacionbotin.org\/en\/wp-json\/wp\/v2\/pages\/717"}],"wp:attachment":[{"href":"https:\/\/fundacionbotin.org\/en\/wp-json\/wp\/v2\/media?parent=1955"}],"curies":[{"name":"wp","href":"https:\/\/api.w.org\/{rel}","templated":true}]}}