{"id":1221,"date":"2022-08-12T11:29:52","date_gmt":"2022-08-12T11:29:52","guid":{"rendered":"https:\/\/fundacionbotin.org\/en\/?page_id=1221"},"modified":"2022-10-03T09:12:42","modified_gmt":"2022-10-03T09:12:42","slug":"workshop-by-damian-ortega","status":"publish","type":"page","link":"https:\/\/fundacionbotin.org\/en\/grants-and-calls-for-applications\/workshop-by-damian-ortega\/","title":{"rendered":"Workshop by Dami\u00e1n Ortega"},"content":{"rendered":"\n<div class=\"wp-block-columns is-layout-flex wp-container-core-columns-is-layout-9d6595d7 wp-block-columns-is-layout-flex\">\n<div class=\"wp-block-column is-layout-flow wp-block-column-is-layout-flow\" style=\"flex-basis:66.66%\">\n<p>The mask workshop, led by Dami\u00e1n Ortega, will be held at Fundaci\u00f3n Bot\u00edn<strong> from 21 November to 2 December, 2022<\/strong>. This will be a dynamic space for improvisation, learning and collective reflection, where participants can share their own insights, skills and experiences. It will explore the construction of masks using everyday objects and the creation of  stories, opening a conversation about shapes, materials, their relationships, narratives and contexts.<\/p>\n\n\n\n<p>This workshop is in conjunction with the exhibition that<strong> Dami\u00e1n Ortega<\/strong> will be presenting at <strong>Centro Bot\u00edn in Santander from 8 October, 2022, to 26 February, 2023<\/strong>, entitled Visi\u00f3n  expandida (Expanded Vision). The collection brings together his suspended pieces, revealing the infinite number of elements that make up the world around us.<\/p>\n\n\n\n<hr class=\"wp-block-separator is-style-wide\"\/>\n\n\n\n<p>Dami\u00e1n Ortega (Mexico City, 1967)<\/p>\n\n\n\n<p>Through inventiveness and humour, Dami\u00e1n Ortega deconstructs familiar objects and processes by altering their functions and transforming them into novel experiences and  hypothetical scenarios. Ortega\u2019s work plays with a scale that ranges from the molecular to the cosmic. He applies the concepts of physics to human interactions where chaos, accidents and instability produce a system of relations in constant flux. He explores the tension that surrounds every object, focusing on it, rearranging it, examining it and inverting its logic to reveal an infinite world within. His explorations reveal the interdependence of diverse components, whether this takes place in a social system or in the complex workings of a machine. While his projects\u2014envisioned first through drawings\u2014take the form of sculptures, installations, performances, film and photography, for Ortega, the work of art is always an action: an event. His experiments exist in a space where possibility and the everyday converge to activate a new and transcendent way of looking at ordinary objects and mundane interactions.<\/p>\n\n\n\n<p>One of Ortega\u2019s major projects is Alias Editorial, which was launched in 2006 and seeks to publish essential and fundamental texts within contemporary art that have been<br>discontinued or have not been translated into Spanish, as well as works written by the artists themselves or interviews with them. Thanks to its simple publishing style, Alias makes these texts affordable for the public.<\/p>\n\n\n\n<figure class=\"wp-block-image size-large\"><img loading=\"lazy\" decoding=\"async\" width=\"1024\" height=\"768\" src=\"https:\/\/fundacionbotin.org\/en\/wp-content\/uploads\/sites\/2\/2022\/08\/DAMIAN_ORTEGA-1024x768.jpg\" alt=\"\" class=\"wp-image-1222\" srcset=\"https:\/\/fundacionbotin.org\/en\/wp-content\/uploads\/sites\/2\/2022\/08\/DAMIAN_ORTEGA-1024x768.jpg 1024w, https:\/\/fundacionbotin.org\/en\/wp-content\/uploads\/sites\/2\/2022\/08\/DAMIAN_ORTEGA-300x225.jpg 300w, https:\/\/fundacionbotin.org\/en\/wp-content\/uploads\/sites\/2\/2022\/08\/DAMIAN_ORTEGA-768x576.jpg 768w, https:\/\/fundacionbotin.org\/en\/wp-content\/uploads\/sites\/2\/2022\/08\/DAMIAN_ORTEGA-1536x1152.jpg 1536w, https:\/\/fundacionbotin.org\/en\/wp-content\/uploads\/sites\/2\/2022\/08\/DAMIAN_ORTEGA-2048x1536.jpg 2048w\" sizes=\"auto, (max-width: 1024px) 100vw, 1024px\" \/><\/figure>\n\n\n\n<h2 class=\"wp-block-heading\">Workshop by Dami\u00e1n Ortega<\/h2>\n\n\n\n<p><strong>Director<\/strong><br>Dami\u00e1n Ortega<\/p>\n\n\n\n<p><strong>Dates<\/strong><br>21 de November to 2 de december<\/p>\n\n\n\n<p><br><strong>Place<\/strong><br>Fundaci\u00f3n Bot\u00edn, Calle Pedrueca 1, 39003, Santander (Espa\u00f1a)<\/p>\n\n\n\n<p><br><strong>Schedule<\/strong><br>Space available from 10am to 8pm, Monday to Friday<\/p>\n\n\n\n<p><strong>Requirements<\/strong><\/p>\n\n\n\n<p>The workshop will require creativity openness, artistic aptitudes and drawing or modeling abilities: artists, chefs, jewelers, carpenters, puppeteers, actors, actresses, dancers, writers\u2026<br>Participants should be open to a collaborative working process. Please note that the workshop will be carried out in Spanish and that participants to the workshop are expected to stay for its entire duration.<\/p>\n\n\n\n<p><strong>Materials<\/strong><br>Fundaci\u00f3n Bot\u00edn will provide workspace and materials per the instructions of the workshop director.<\/p>\n\n\n\n<p><br><strong>Support<\/strong><\/p>\n\n\n\n<p>Fundaci\u00f3n Bot\u00edn provides accommodation and breakfast to all participating artists who are not residents of Cantabria. In addition, each participating artist will also receive a stipend of 455\u20ac as support for the cost of living expenses; it will be handed out at the beginning of the workshop, after each participant has submitted all the necessary  administrative data.<\/p>\n\n\n\n<p><strong>Selection<\/strong><\/p>\n\n\n\n<p>A maximum of 15 participants will be chosen by the director of the workshop.<br>Fundaci\u00f3n Bot\u00edn\u2019s decision shall be final. <\/p>\n\n\n\n<p><br><strong>Deadline<\/strong><\/p>\n\n\n\n<p>Deadline for applications is 30 September 2022.<br>The selected artist will be contacted by Fundaci\u00f3n Bot\u00edn from 10 October, 2022. All other candidates may consult the results on the website. <\/p>\n\n\n\n<p><br><strong>Required documentation<\/strong><\/p>\n\n\n\n<p>All applications must be submitted electronically, via www.fundacionbotin.org or www.centrobotin.org<\/p>\n\n\n\n<p><br>\u2022 Valid National ID Card or Passport clearly displaying the applicant\u2019s photo, date of birth and nationality.<br>\u2022 Current address of residency an updated contact details (email, telephone number).<br>\u2022 An up to date biography.<br>\u2022 A short text (600 words or less), which outlines the applicant\u2019s interest in participating in the workshop and considerations about the themes of the workshop.<br>\u2022 Documentation of recent work (MPEG, audio files as well as PDF) and\/or links to videos and web sites, as well as information that allows knowing their abilities or areas of expertise and if they are familiar with Dami\u00e1n Ortega\u2019s work.<\/p>\n\n\n\n<p><br><strong>Confirmation of participation<\/strong><\/p>\n\n\n\n<p>Those selected must confirm their acceptance within the terms and forms indicated by Fundaci\u00f3n Bot\u00edn.<br>The reservation of a place will be considered formalised once a copy of the travel tickets to Santander that certify the participant travel plans on the dates of the workshop has been received.<br>The participants are responsible for the planning and financial underwriting of their travel to and from Santander.<\/p>\n\n\n\n<p><br><strong>Observations<\/strong><\/p>\n\n\n\n<p>This workshop will be conducted preferably in Spanish.<br>Please note that applications missing any of those documents will not be considered.<\/p>\n\n\n\n<div class=\"wp-block-buttons is-content-justification-center is-layout-flex wp-container-core-buttons-is-layout-16018d1d wp-block-buttons-is-layout-flex\"><\/div>\n<\/div>\n\n\n\n<div class=\"wp-block-column is-layout-flow wp-block-column-is-layout-flow\" style=\"flex-basis:33.33%\">\n<div class=\"wp-block-group has-dark-background-color has-background\"><div class=\"wp-block-group__inner-container is-layout-flow wp-block-group-is-layout-flow\">\n<p class=\"text-h4\"><strong>Workshop by <\/strong><\/p>\n\n\n\n<p class=\"text-h4\"><strong>Dami\u00e1n<\/strong> Ortega<\/p>\n\n\n\n<div style=\"height:20px\" aria-hidden=\"true\" class=\"wp-block-spacer\"><\/div>\n\n\n\n<p><strong>Taller<\/strong>: The mask workshop, led by Dami\u00e1n Ortega, will be held at Fundaci\u00f3n Bot\u00edn&nbsp;from 21 November to 2 December, 2022.<\/p>\n\n\n\n<div class=\"wp-block-buttons is-layout-flex wp-block-buttons-is-layout-flex\">\n<div class=\"wp-block-button\"><a class=\"wp-block-button__link\">CLOSED<\/a><\/div>\n<\/div>\n<\/div><\/div>\n<\/div>\n<\/div>\n","protected":false},"excerpt":{"rendered":"<p>The mask workshop, led by Dami\u00e1n Ortega, will be held at Fundaci\u00f3n Bot\u00edn from 21 November to 2 December, 2022. This will be a dynamic space for improvisation, learning and collective reflection, where participants can share their own insights, skills and experiences. It will explore the construction of masks using everyday objects and the creation [&hellip;]<\/p>\n","protected":false},"author":8,"featured_media":0,"parent":717,"menu_order":0,"comment_status":"closed","ping_status":"closed","template":"","meta":{"_acf_changed":false,"footnotes":""},"class_list":["post-1221","page","type-page","status-publish","hentry"],"acf":[],"yoast_head":"<!-- This site is optimized with the Yoast SEO plugin v27.3 - https:\/\/yoast.com\/product\/yoast-seo-wordpress\/ -->\n<title>Workshop by Dami\u00e1n Ortega - Botin Foundation<\/title>\n<meta name=\"robots\" content=\"index, follow, max-snippet:-1, max-image-preview:large, max-video-preview:-1\" \/>\n<link rel=\"canonical\" href=\"https:\/\/fundacionbotin.org\/en\/grants-and-calls-for-applications\/workshop-by-damian-ortega\/\" \/>\n<meta property=\"og:locale\" content=\"en_GB\" \/>\n<meta property=\"og:type\" content=\"article\" \/>\n<meta property=\"og:title\" content=\"Workshop by Dami\u00e1n Ortega - Botin Foundation\" \/>\n<meta property=\"og:description\" content=\"The mask workshop, led by Dami\u00e1n Ortega, will be held at Fundaci\u00f3n Bot\u00edn from 21 November to 2 December, 2022. This will be a dynamic space for improvisation, learning and collective reflection, where participants can share their own insights, skills and experiences. It will explore the construction of masks using everyday objects and the creation [&hellip;]\" \/>\n<meta property=\"og:url\" content=\"https:\/\/fundacionbotin.org\/en\/grants-and-calls-for-applications\/workshop-by-damian-ortega\/\" \/>\n<meta property=\"og:site_name\" content=\"Botin Foundation\" \/>\n<meta property=\"article:modified_time\" content=\"2022-10-03T09:12:42+00:00\" \/>\n<meta property=\"og:image\" content=\"https:\/\/fundacionbotin.org\/en\/wp-content\/uploads\/sites\/2\/2022\/08\/DAMIAN_ORTEGA.jpg\" \/>\n\t<meta property=\"og:image:width\" content=\"2560\" \/>\n\t<meta property=\"og:image:height\" content=\"1920\" \/>\n\t<meta property=\"og:image:type\" content=\"image\/jpeg\" \/>\n<meta name=\"twitter:card\" content=\"summary_large_image\" \/>\n<meta name=\"twitter:image\" content=\"https:\/\/fundacionbotin.org\/en\/wp-content\/uploads\/sites\/2\/2022\/08\/DAMIAN_ORTEGA.jpg\" \/>\n<meta name=\"twitter:label1\" content=\"Estimated reading time\" \/>\n\t<meta name=\"twitter:data1\" content=\"4 minutes\" \/>\n<script type=\"application\/ld+json\" class=\"yoast-schema-graph\">{\"@context\":\"https:\\\/\\\/schema.org\",\"@graph\":[{\"@type\":\"WebPage\",\"@id\":\"https:\\\/\\\/fundacionbotin.org\\\/en\\\/grants-and-calls-for-applications\\\/workshop-by-damian-ortega\\\/\",\"url\":\"https:\\\/\\\/fundacionbotin.org\\\/en\\\/grants-and-calls-for-applications\\\/workshop-by-damian-ortega\\\/\",\"name\":\"Workshop by Dami\u00e1n Ortega - Botin Foundation\",\"isPartOf\":{\"@id\":\"https:\\\/\\\/fundacionbotin.org\\\/en\\\/#website\"},\"primaryImageOfPage\":{\"@id\":\"https:\\\/\\\/fundacionbotin.org\\\/en\\\/grants-and-calls-for-applications\\\/workshop-by-damian-ortega\\\/#primaryimage\"},\"image\":{\"@id\":\"https:\\\/\\\/fundacionbotin.org\\\/en\\\/grants-and-calls-for-applications\\\/workshop-by-damian-ortega\\\/#primaryimage\"},\"thumbnailUrl\":\"https:\\\/\\\/fundacionbotin.org\\\/en\\\/wp-content\\\/uploads\\\/sites\\\/2\\\/2022\\\/08\\\/DAMIAN_ORTEGA-1024x768.jpg\",\"datePublished\":\"2022-08-12T11:29:52+00:00\",\"dateModified\":\"2022-10-03T09:12:42+00:00\",\"breadcrumb\":{\"@id\":\"https:\\\/\\\/fundacionbotin.org\\\/en\\\/grants-and-calls-for-applications\\\/workshop-by-damian-ortega\\\/#breadcrumb\"},\"inLanguage\":\"en-GB\",\"potentialAction\":[{\"@type\":\"ReadAction\",\"target\":[\"https:\\\/\\\/fundacionbotin.org\\\/en\\\/grants-and-calls-for-applications\\\/workshop-by-damian-ortega\\\/\"]}]},{\"@type\":\"ImageObject\",\"inLanguage\":\"en-GB\",\"@id\":\"https:\\\/\\\/fundacionbotin.org\\\/en\\\/grants-and-calls-for-applications\\\/workshop-by-damian-ortega\\\/#primaryimage\",\"url\":\"https:\\\/\\\/fundacionbotin.org\\\/en\\\/wp-content\\\/uploads\\\/sites\\\/2\\\/2022\\\/08\\\/DAMIAN_ORTEGA.jpg\",\"contentUrl\":\"https:\\\/\\\/fundacionbotin.org\\\/en\\\/wp-content\\\/uploads\\\/sites\\\/2\\\/2022\\\/08\\\/DAMIAN_ORTEGA.jpg\",\"width\":2560,\"height\":1920},{\"@type\":\"BreadcrumbList\",\"@id\":\"https:\\\/\\\/fundacionbotin.org\\\/en\\\/grants-and-calls-for-applications\\\/workshop-by-damian-ortega\\\/#breadcrumb\",\"itemListElement\":[{\"@type\":\"ListItem\",\"position\":1,\"name\":\"Portada\",\"item\":\"https:\\\/\\\/fundacionbotin.org\\\/en\\\/\"},{\"@type\":\"ListItem\",\"position\":2,\"name\":\"Grants and workshops\",\"item\":\"https:\\\/\\\/fundacionbotin.org\\\/en\\\/grants-and-calls-for-applications\\\/\"},{\"@type\":\"ListItem\",\"position\":3,\"name\":\"Workshop by Dami\u00e1n Ortega\"}]},{\"@type\":\"WebSite\",\"@id\":\"https:\\\/\\\/fundacionbotin.org\\\/en\\\/#website\",\"url\":\"https:\\\/\\\/fundacionbotin.org\\\/en\\\/\",\"name\":\"Botin Foundation\",\"description\":\"Comprehensive development of society and creative talent\",\"publisher\":{\"@id\":\"https:\\\/\\\/fundacionbotin.org\\\/en\\\/#organization\"},\"potentialAction\":[{\"@type\":\"SearchAction\",\"target\":{\"@type\":\"EntryPoint\",\"urlTemplate\":\"https:\\\/\\\/fundacionbotin.org\\\/en\\\/?s={search_term_string}\"},\"query-input\":{\"@type\":\"PropertyValueSpecification\",\"valueRequired\":true,\"valueName\":\"search_term_string\"}}],\"inLanguage\":\"en-GB\"},{\"@type\":\"Organization\",\"@id\":\"https:\\\/\\\/fundacionbotin.org\\\/en\\\/#organization\",\"name\":\"Botin Foundation\",\"url\":\"https:\\\/\\\/fundacionbotin.org\\\/en\\\/\",\"logo\":{\"@type\":\"ImageObject\",\"inLanguage\":\"en-GB\",\"@id\":\"https:\\\/\\\/fundacionbotin.org\\\/en\\\/#\\\/schema\\\/logo\\\/image\\\/\",\"url\":\"https:\\\/\\\/fundacionbotin.org\\\/en\\\/wp-content\\\/uploads\\\/sites\\\/2\\\/2021\\\/06\\\/botin-foundation-logo.png\",\"contentUrl\":\"https:\\\/\\\/fundacionbotin.org\\\/en\\\/wp-content\\\/uploads\\\/sites\\\/2\\\/2021\\\/06\\\/botin-foundation-logo.png\",\"width\":100,\"height\":96,\"caption\":\"Botin Foundation\"},\"image\":{\"@id\":\"https:\\\/\\\/fundacionbotin.org\\\/en\\\/#\\\/schema\\\/logo\\\/image\\\/\"}}]}<\/script>\n<!-- \/ Yoast SEO plugin. -->","yoast_head_json":{"title":"Workshop by Dami\u00e1n Ortega - Botin Foundation","robots":{"index":"index","follow":"follow","max-snippet":"max-snippet:-1","max-image-preview":"max-image-preview:large","max-video-preview":"max-video-preview:-1"},"canonical":"https:\/\/fundacionbotin.org\/en\/grants-and-calls-for-applications\/workshop-by-damian-ortega\/","og_locale":"en_GB","og_type":"article","og_title":"Workshop by Dami\u00e1n Ortega - Botin Foundation","og_description":"The mask workshop, led by Dami\u00e1n Ortega, will be held at Fundaci\u00f3n Bot\u00edn from 21 November to 2 December, 2022. This will be a dynamic space for improvisation, learning and collective reflection, where participants can share their own insights, skills and experiences. It will explore the construction of masks using everyday objects and the creation [&hellip;]","og_url":"https:\/\/fundacionbotin.org\/en\/grants-and-calls-for-applications\/workshop-by-damian-ortega\/","og_site_name":"Botin Foundation","article_modified_time":"2022-10-03T09:12:42+00:00","og_image":[{"width":2560,"height":1920,"url":"https:\/\/fundacionbotin.org\/en\/wp-content\/uploads\/sites\/2\/2022\/08\/DAMIAN_ORTEGA.jpg","type":"image\/jpeg"}],"twitter_card":"summary_large_image","twitter_image":"https:\/\/fundacionbotin.org\/en\/wp-content\/uploads\/sites\/2\/2022\/08\/DAMIAN_ORTEGA.jpg","twitter_misc":{"Estimated reading time":"4 minutes"},"schema":{"@context":"https:\/\/schema.org","@graph":[{"@type":"WebPage","@id":"https:\/\/fundacionbotin.org\/en\/grants-and-calls-for-applications\/workshop-by-damian-ortega\/","url":"https:\/\/fundacionbotin.org\/en\/grants-and-calls-for-applications\/workshop-by-damian-ortega\/","name":"Workshop by Dami\u00e1n Ortega - Botin Foundation","isPartOf":{"@id":"https:\/\/fundacionbotin.org\/en\/#website"},"primaryImageOfPage":{"@id":"https:\/\/fundacionbotin.org\/en\/grants-and-calls-for-applications\/workshop-by-damian-ortega\/#primaryimage"},"image":{"@id":"https:\/\/fundacionbotin.org\/en\/grants-and-calls-for-applications\/workshop-by-damian-ortega\/#primaryimage"},"thumbnailUrl":"https:\/\/fundacionbotin.org\/en\/wp-content\/uploads\/sites\/2\/2022\/08\/DAMIAN_ORTEGA-1024x768.jpg","datePublished":"2022-08-12T11:29:52+00:00","dateModified":"2022-10-03T09:12:42+00:00","breadcrumb":{"@id":"https:\/\/fundacionbotin.org\/en\/grants-and-calls-for-applications\/workshop-by-damian-ortega\/#breadcrumb"},"inLanguage":"en-GB","potentialAction":[{"@type":"ReadAction","target":["https:\/\/fundacionbotin.org\/en\/grants-and-calls-for-applications\/workshop-by-damian-ortega\/"]}]},{"@type":"ImageObject","inLanguage":"en-GB","@id":"https:\/\/fundacionbotin.org\/en\/grants-and-calls-for-applications\/workshop-by-damian-ortega\/#primaryimage","url":"https:\/\/fundacionbotin.org\/en\/wp-content\/uploads\/sites\/2\/2022\/08\/DAMIAN_ORTEGA.jpg","contentUrl":"https:\/\/fundacionbotin.org\/en\/wp-content\/uploads\/sites\/2\/2022\/08\/DAMIAN_ORTEGA.jpg","width":2560,"height":1920},{"@type":"BreadcrumbList","@id":"https:\/\/fundacionbotin.org\/en\/grants-and-calls-for-applications\/workshop-by-damian-ortega\/#breadcrumb","itemListElement":[{"@type":"ListItem","position":1,"name":"Portada","item":"https:\/\/fundacionbotin.org\/en\/"},{"@type":"ListItem","position":2,"name":"Grants and workshops","item":"https:\/\/fundacionbotin.org\/en\/grants-and-calls-for-applications\/"},{"@type":"ListItem","position":3,"name":"Workshop by Dami\u00e1n Ortega"}]},{"@type":"WebSite","@id":"https:\/\/fundacionbotin.org\/en\/#website","url":"https:\/\/fundacionbotin.org\/en\/","name":"Botin Foundation","description":"Comprehensive development of society and creative talent","publisher":{"@id":"https:\/\/fundacionbotin.org\/en\/#organization"},"potentialAction":[{"@type":"SearchAction","target":{"@type":"EntryPoint","urlTemplate":"https:\/\/fundacionbotin.org\/en\/?s={search_term_string}"},"query-input":{"@type":"PropertyValueSpecification","valueRequired":true,"valueName":"search_term_string"}}],"inLanguage":"en-GB"},{"@type":"Organization","@id":"https:\/\/fundacionbotin.org\/en\/#organization","name":"Botin Foundation","url":"https:\/\/fundacionbotin.org\/en\/","logo":{"@type":"ImageObject","inLanguage":"en-GB","@id":"https:\/\/fundacionbotin.org\/en\/#\/schema\/logo\/image\/","url":"https:\/\/fundacionbotin.org\/en\/wp-content\/uploads\/sites\/2\/2021\/06\/botin-foundation-logo.png","contentUrl":"https:\/\/fundacionbotin.org\/en\/wp-content\/uploads\/sites\/2\/2021\/06\/botin-foundation-logo.png","width":100,"height":96,"caption":"Botin Foundation"},"image":{"@id":"https:\/\/fundacionbotin.org\/en\/#\/schema\/logo\/image\/"}}]}},"_links":{"self":[{"href":"https:\/\/fundacionbotin.org\/en\/wp-json\/wp\/v2\/pages\/1221","targetHints":{"allow":["GET"]}}],"collection":[{"href":"https:\/\/fundacionbotin.org\/en\/wp-json\/wp\/v2\/pages"}],"about":[{"href":"https:\/\/fundacionbotin.org\/en\/wp-json\/wp\/v2\/types\/page"}],"author":[{"embeddable":true,"href":"https:\/\/fundacionbotin.org\/en\/wp-json\/wp\/v2\/users\/8"}],"replies":[{"embeddable":true,"href":"https:\/\/fundacionbotin.org\/en\/wp-json\/wp\/v2\/comments?post=1221"}],"version-history":[{"count":7,"href":"https:\/\/fundacionbotin.org\/en\/wp-json\/wp\/v2\/pages\/1221\/revisions"}],"predecessor-version":[{"id":1257,"href":"https:\/\/fundacionbotin.org\/en\/wp-json\/wp\/v2\/pages\/1221\/revisions\/1257"}],"up":[{"embeddable":true,"href":"https:\/\/fundacionbotin.org\/en\/wp-json\/wp\/v2\/pages\/717"}],"wp:attachment":[{"href":"https:\/\/fundacionbotin.org\/en\/wp-json\/wp\/v2\/media?parent=1221"}],"curies":[{"name":"wp","href":"https:\/\/api.w.org\/{rel}","templated":true}]}}