{"id":119,"date":"2021-06-07T08:43:22","date_gmt":"2021-06-07T08:43:22","guid":{"rendered":"https:\/\/fundacionbotin.org\/en\/?page_id=119"},"modified":"2021-06-07T08:47:31","modified_gmt":"2021-06-07T08:47:31","slug":"papers-of-the-botin-foundation","status":"publish","type":"page","link":"https:\/\/fundacionbotin.org\/en\/papers-of-the-botin-foundation\/","title":{"rendered":"Papers of the Botin Foundation"},"content":{"rendered":"\n<p>Aimed at people who are making daily decisions that affect the development of our country, the Botin Foundation Papers have been created to provide keys that help to better understand the complex reality in which we live, addressing both matters of substance as well as more circumstantial challenges and opportunities of our society in a way that is rigorous, simple and clear.<\/p>\n\n\n\n<p>These are monographic articles in electronic format, the result of reflection and open discussion that the Foundation&#8217;s Observatory of Trends has been promoting for more than 10 years, which aims to explore new ways of creating wealth by valuing our highest talent.<\/p>\n\n\n\n<h2 class=\"has-text-align-center wp-block-heading\">Published papers<\/h2>\n\n\n\n<div class=\"wp-block-columns is-layout-flex wp-container-core-columns-is-layout-9d6595d7 wp-block-columns-is-layout-flex\">\n<div class=\"wp-block-column card is-layout-flow wp-block-column-is-layout-flow\">\n<figure class=\"wp-block-image size-large\"><img decoding=\"async\" src=\"https:\/\/fundacionbotin.org\/wp-content\/uploads\/2021\/03\/el_agua_virtual-1.jpg\" alt=\"\" class=\"wp-image-1127\"\/><\/figure>\n\n\n\n<div class=\"wp-block-buttons is-layout-flex wp-block-buttons-is-layout-flex\">\n<div class=\"wp-block-button\"><a class=\"wp-block-button__link\" href=\"https:\/\/issuu.com\/fundacionbotin\/docs\/10412pf\" target=\"_blank\" rel=\"noreferrer noopener\">Pdf<\/a><\/div>\n\n\n\n<div class=\"wp-block-button\"><a class=\"wp-block-button__link\">Ver m\u00e1s<\/a><\/div>\n<\/div>\n<\/div>\n\n\n\n<div class=\"wp-block-column card is-layout-flow wp-block-column-is-layout-flow\">\n<figure class=\"wp-block-image size-large\"><img decoding=\"async\" src=\"https:\/\/fundacionbotin.org\/wp-content\/uploads\/2021\/03\/no_hay_que_tener_miedo_a_la_sequia.jpg\" alt=\"\" class=\"wp-image-1128\"\/><\/figure>\n\n\n\n<div class=\"wp-block-buttons is-layout-flex wp-block-buttons-is-layout-flex\">\n<div class=\"wp-block-button\"><a class=\"wp-block-button__link\" href=\"https:\/\/issuu.com\/fundacionbotin\/docs\/072019pf\" target=\"_blank\" rel=\"noreferrer noopener\">Pdf<\/a><\/div>\n<\/div>\n<\/div>\n\n\n\n<div class=\"wp-block-column card is-layout-flow wp-block-column-is-layout-flow\">\n<figure class=\"wp-block-image size-large\"><img decoding=\"async\" src=\"https:\/\/fundacionbotin.org\/wp-content\/uploads\/2021\/03\/biomedicina.jpg\" alt=\"\" class=\"wp-image-1129\"\/><\/figure>\n\n\n\n<div class=\"wp-block-buttons is-layout-flex wp-block-buttons-is-layout-flex\">\n<div class=\"wp-block-button\"><a class=\"wp-block-button__link\" href=\"https:\/\/papeles.fundacionbotin.org\/pf30112\/3012pf.pdf\" target=\"_blank\" rel=\"noreferrer noopener\">Pdf<\/a><\/div>\n\n\n\n<div class=\"wp-block-button\"><a class=\"wp-block-button__link\">Ver M\u00e1s<\/a><\/div>\n<\/div>\n<\/div>\n\n\n\n<div class=\"wp-block-column card is-layout-flow wp-block-column-is-layout-flow\">\n<figure class=\"wp-block-image size-large\"><img decoding=\"async\" src=\"https:\/\/fundacionbotin.org\/wp-content\/uploads\/2021\/03\/tenemos_una_buena_universidad.jpg\" alt=\"\" class=\"wp-image-1130\"\/><\/figure>\n\n\n\n<div class=\"wp-block-buttons is-layout-flex wp-block-buttons-is-layout-flex\">\n<div class=\"wp-block-button\"><a class=\"wp-block-button__link\" href=\"https:\/\/issuu.com\/fundacionbotin\/docs\/4013pf\" target=\"_blank\" rel=\"noreferrer noopener\">Pdf<\/a><\/div>\n<\/div>\n<\/div>\n<\/div>\n\n\n\n<div class=\"wp-block-columns is-layout-flex wp-container-core-columns-is-layout-9d6595d7 wp-block-columns-is-layout-flex\">\n<div class=\"wp-block-column card is-layout-flow wp-block-column-is-layout-flow\">\n<figure class=\"wp-block-image size-large\"><img decoding=\"async\" src=\"https:\/\/fundacionbotin.org\/wp-content\/uploads\/2021\/03\/la_confianza_la_gasolina.jpg\" alt=\"\" class=\"wp-image-1137\"\/><\/figure>\n\n\n\n<div class=\"wp-block-buttons is-layout-flex wp-block-buttons-is-layout-flex\">\n<div class=\"wp-block-button\"><a class=\"wp-block-button__link\" href=\"https:\/\/papeles.fundacionbotin.org\/pf50112\/50413pf.pdf\" target=\"_blank\" rel=\"noreferrer noopener\">Pdf<\/a><\/div>\n<\/div>\n<\/div>\n\n\n\n<div class=\"wp-block-column card is-layout-flow wp-block-column-is-layout-flow\">\n<figure class=\"wp-block-image size-large\"><img decoding=\"async\" src=\"https:\/\/fundacionbotin.org\/wp-content\/uploads\/2021\/03\/la_cultura_es_un_motor_de_crecimiento.jpg\" alt=\"\" class=\"wp-image-1138\"\/><\/figure>\n\n\n\n<div class=\"wp-block-buttons is-layout-flex wp-block-buttons-is-layout-flex\">\n<div class=\"wp-block-button\"><a class=\"wp-block-button__link\" href=\"https:\/\/papeles.fundacionbotin.org\/pf62013\/6102013pf.pdf\" target=\"_blank\" rel=\"noreferrer noopener\">Pdf<\/a><\/div>\n<\/div>\n<\/div>\n\n\n\n<div class=\"wp-block-column card is-layout-flow wp-block-column-is-layout-flow\">\n<figure class=\"wp-block-image size-large\"><img decoding=\"async\" src=\"https:\/\/fundacionbotin.org\/wp-content\/uploads\/2021\/03\/la_ciudadania_europea_es_nuestro_activo.jpg\" alt=\"\" class=\"wp-image-1139\"\/><\/figure>\n\n\n\n<div class=\"wp-block-buttons is-layout-flex wp-block-buttons-is-layout-flex\">\n<div class=\"wp-block-button\"><a class=\"wp-block-button__link\" href=\"\" target=\"_blank\" rel=\"noreferrer noopener\">Pdf<\/a><\/div>\n<\/div>\n<\/div>\n\n\n\n<div class=\"wp-block-column card is-layout-flow wp-block-column-is-layout-flow\">\n<figure class=\"wp-block-image size-large is-resized\"><img loading=\"lazy\" decoding=\"async\" src=\"https:\/\/fundacionbotin.org\/wp-content\/uploads\/2021\/03\/de_que_es_capaz_un_buen_profesor.jpg\" alt=\"\" class=\"wp-image-1141\" width=\"336\" height=\"400\"\/><\/figure>\n\n\n\n<div class=\"wp-block-buttons is-layout-flex wp-block-buttons-is-layout-flex\">\n<div class=\"wp-block-button\"><a class=\"wp-block-button__link\" href=\"https:\/\/issuu.com\/fundacionbotin\/docs\/82014pf\" target=\"_blank\" rel=\"noreferrer noopener\">Pdf<\/a><\/div>\n<\/div>\n<\/div>\n<\/div>\n\n\n\n<div class=\"wp-block-columns is-layout-flex wp-container-core-columns-is-layout-9d6595d7 wp-block-columns-is-layout-flex\">\n<div class=\"wp-block-column card is-layout-flow wp-block-column-is-layout-flow\">\n<figure class=\"wp-block-image size-large\"><img decoding=\"async\" src=\"https:\/\/fundacionbotin.org\/wp-content\/uploads\/2021\/03\/que_puede_pasar_en_el_mundo.jpg\" alt=\"\" class=\"wp-image-1145\"\/><\/figure>\n\n\n\n<div class=\"wp-block-buttons is-layout-flex wp-block-buttons-is-layout-flex\">\n<div class=\"wp-block-button\"><a class=\"wp-block-button__link\" href=\"https:\/\/issuu.com\/fundacionbotin\/docs\/92015pf\" target=\"_blank\" rel=\"noreferrer noopener\">Pdf<\/a><\/div>\n<\/div>\n<\/div>\n\n\n\n<div class=\"wp-block-column card is-layout-flow wp-block-column-is-layout-flow\">\n<figure class=\"wp-block-image size-large\"><img decoding=\"async\" src=\"https:\/\/fundacionbotin.org\/wp-content\/uploads\/2021\/03\/que_mas_podemos_aprovechar_del_exito_del_turismo.jpg\" alt=\"\" class=\"wp-image-1147\"\/><\/figure>\n\n\n\n<div class=\"wp-block-buttons is-layout-flex wp-block-buttons-is-layout-flex\">\n<div class=\"wp-block-button\"><a class=\"wp-block-button__link\" href=\"https:\/\/issuu.com\/fundacionbotin\/docs\/102015pf?e=3744893\/30267444\" target=\"_blank\" rel=\"noreferrer noopener\">Pdf<\/a><\/div>\n<\/div>\n<\/div>\n\n\n\n<div class=\"wp-block-column card is-layout-flow wp-block-column-is-layout-flow\">\n<figure class=\"wp-block-image size-large\"><img decoding=\"async\" src=\"https:\/\/fundacionbotin.org\/wp-content\/uploads\/2021\/04\/la-demografia-espanola-todavia-tiene-arreglo.jpg\" alt=\"La demograf\u00eda Espa\u00f1ola todav\u00eda tiene arreglo\" class=\"wp-image-3412\"\/><\/figure>\n\n\n\n<div class=\"wp-block-buttons is-layout-flex wp-block-buttons-is-layout-flex\">\n<div class=\"wp-block-button\"><a class=\"wp-block-button__link\" href=\"https:\/\/papeles.fundacionbotin.org\/pf112016\/112016pf.pdf\" target=\"_blank\" rel=\"noreferrer noopener\">Pdf<\/a><\/div>\n<\/div>\n<\/div>\n\n\n\n<div class=\"wp-block-column card is-layout-flow wp-block-column-is-layout-flow\">\n<figure class=\"wp-block-image size-large\"><img decoding=\"async\" src=\"https:\/\/fundacionbotin.org\/wp-content\/uploads\/2021\/03\/africa_la_oportunidad_que_todavia_no_hemos_perdido.jpg\" alt=\"\" class=\"wp-image-1149\"\/><\/figure>\n\n\n\n<div class=\"wp-block-buttons is-layout-flex wp-block-buttons-is-layout-flex\">\n<div class=\"wp-block-button\"><a class=\"wp-block-button__link\" href=\"https:\/\/issuu.com\/fundacionbotin\/docs\/102016pf?e=3744893\/39166105\" target=\"_blank\" rel=\"noreferrer noopener\">Pdf<\/a><\/div>\n<\/div>\n<\/div>\n<\/div>\n\n\n\n<div class=\"wp-block-columns is-layout-flex wp-container-core-columns-is-layout-9d6595d7 wp-block-columns-is-layout-flex\">\n<div class=\"wp-block-column card is-layout-flow wp-block-column-is-layout-flow\">\n<figure class=\"wp-block-image size-large\"><img decoding=\"async\" src=\"https:\/\/fundacionbotin.org\/wp-content\/uploads\/2021\/03\/si_queremos_mas_ciencia.jpg\" alt=\"\" class=\"wp-image-1152\"\/><\/figure>\n\n\n\n<div class=\"wp-block-buttons is-layout-flex wp-block-buttons-is-layout-flex\">\n<div class=\"wp-block-button\"><a class=\"wp-block-button__link\" href=\"https:\/\/issuu.com\/fundacionbotin\/docs\/062017pf?e=3744893\/50546996\" target=\"_blank\" rel=\"noreferrer noopener\">Pdf<\/a><\/div>\n<\/div>\n<\/div>\n\n\n\n<div class=\"wp-block-column is-layout-flow wp-block-column-is-layout-flow\"><\/div>\n\n\n\n<div class=\"wp-block-column is-layout-flow wp-block-column-is-layout-flow\"><\/div>\n\n\n\n<div class=\"wp-block-column is-layout-flow wp-block-column-is-layout-flow\"><\/div>\n<\/div>\n","protected":false},"excerpt":{"rendered":"<p>Aimed at people who are making daily decisions that affect the development of our country, the Botin Foundation Papers have been created to provide keys that help to better understand the complex reality in which we live, addressing both matters of substance as well as more circumstantial challenges and opportunities of our society in a [&hellip;]<\/p>\n","protected":false},"author":5,"featured_media":0,"parent":0,"menu_order":0,"comment_status":"closed","ping_status":"closed","template":"","meta":{"_acf_changed":false,"footnotes":""},"class_list":["post-119","page","type-page","status-publish","hentry"],"acf":[],"yoast_head":"<!-- This site is optimized with the Yoast SEO plugin v27.4 - https:\/\/yoast.com\/product\/yoast-seo-wordpress\/ -->\n<title>Papers of the Botin Foundation - Botin Foundation<\/title>\n<meta name=\"robots\" content=\"index, follow, max-snippet:-1, max-image-preview:large, max-video-preview:-1\" \/>\n<link rel=\"canonical\" href=\"https:\/\/fundacionbotin.org\/en\/papers-of-the-botin-foundation\/\" \/>\n<meta property=\"og:locale\" content=\"en_GB\" \/>\n<meta property=\"og:type\" content=\"article\" \/>\n<meta property=\"og:title\" content=\"Papers of the Botin Foundation - Botin Foundation\" \/>\n<meta property=\"og:description\" content=\"Aimed at people who are making daily decisions that affect the development of our country, the Botin Foundation Papers have been created to provide keys that help to better understand the complex reality in which we live, addressing both matters of substance as well as more circumstantial challenges and opportunities of our society in a [&hellip;]\" \/>\n<meta property=\"og:url\" content=\"https:\/\/fundacionbotin.org\/en\/papers-of-the-botin-foundation\/\" \/>\n<meta property=\"og:site_name\" content=\"Botin Foundation\" \/>\n<meta property=\"article:modified_time\" content=\"2021-06-07T08:47:31+00:00\" \/>\n<meta property=\"og:image\" content=\"https:\/\/fundacionbotin.org\/wp-content\/uploads\/2021\/03\/el_agua_virtual-1.jpg\" \/>\n<meta name=\"twitter:card\" content=\"summary_large_image\" \/>\n<meta name=\"twitter:label1\" content=\"Estimated reading time\" \/>\n\t<meta name=\"twitter:data1\" content=\"1 minute\" \/>\n<script type=\"application\/ld+json\" class=\"yoast-schema-graph\">{\"@context\":\"https:\\\/\\\/schema.org\",\"@graph\":[{\"@type\":\"WebPage\",\"@id\":\"https:\\\/\\\/fundacionbotin.org\\\/en\\\/papers-of-the-botin-foundation\\\/\",\"url\":\"https:\\\/\\\/fundacionbotin.org\\\/en\\\/papers-of-the-botin-foundation\\\/\",\"name\":\"Papers of the Botin Foundation - Botin Foundation\",\"isPartOf\":{\"@id\":\"https:\\\/\\\/fundacionbotin.org\\\/en\\\/#website\"},\"primaryImageOfPage\":{\"@id\":\"https:\\\/\\\/fundacionbotin.org\\\/en\\\/papers-of-the-botin-foundation\\\/#primaryimage\"},\"image\":{\"@id\":\"https:\\\/\\\/fundacionbotin.org\\\/en\\\/papers-of-the-botin-foundation\\\/#primaryimage\"},\"thumbnailUrl\":\"https:\\\/\\\/fundacionbotin.org\\\/wp-content\\\/uploads\\\/2021\\\/03\\\/el_agua_virtual-1.jpg\",\"datePublished\":\"2021-06-07T08:43:22+00:00\",\"dateModified\":\"2021-06-07T08:47:31+00:00\",\"breadcrumb\":{\"@id\":\"https:\\\/\\\/fundacionbotin.org\\\/en\\\/papers-of-the-botin-foundation\\\/#breadcrumb\"},\"inLanguage\":\"en-GB\",\"potentialAction\":[{\"@type\":\"ReadAction\",\"target\":[\"https:\\\/\\\/fundacionbotin.org\\\/en\\\/papers-of-the-botin-foundation\\\/\"]}]},{\"@type\":\"ImageObject\",\"inLanguage\":\"en-GB\",\"@id\":\"https:\\\/\\\/fundacionbotin.org\\\/en\\\/papers-of-the-botin-foundation\\\/#primaryimage\",\"url\":\"https:\\\/\\\/fundacionbotin.org\\\/wp-content\\\/uploads\\\/2021\\\/03\\\/el_agua_virtual-1.jpg\",\"contentUrl\":\"https:\\\/\\\/fundacionbotin.org\\\/wp-content\\\/uploads\\\/2021\\\/03\\\/el_agua_virtual-1.jpg\"},{\"@type\":\"BreadcrumbList\",\"@id\":\"https:\\\/\\\/fundacionbotin.org\\\/en\\\/papers-of-the-botin-foundation\\\/#breadcrumb\",\"itemListElement\":[{\"@type\":\"ListItem\",\"position\":1,\"name\":\"Portada\",\"item\":\"https:\\\/\\\/fundacionbotin.org\\\/en\\\/\"},{\"@type\":\"ListItem\",\"position\":2,\"name\":\"Papers of the Botin Foundation\"}]},{\"@type\":\"WebSite\",\"@id\":\"https:\\\/\\\/fundacionbotin.org\\\/en\\\/#website\",\"url\":\"https:\\\/\\\/fundacionbotin.org\\\/en\\\/\",\"name\":\"Botin Foundation\",\"description\":\"Comprehensive development of society and creative talent\",\"publisher\":{\"@id\":\"https:\\\/\\\/fundacionbotin.org\\\/en\\\/#organization\"},\"potentialAction\":[{\"@type\":\"SearchAction\",\"target\":{\"@type\":\"EntryPoint\",\"urlTemplate\":\"https:\\\/\\\/fundacionbotin.org\\\/en\\\/?s={search_term_string}\"},\"query-input\":{\"@type\":\"PropertyValueSpecification\",\"valueRequired\":true,\"valueName\":\"search_term_string\"}}],\"inLanguage\":\"en-GB\"},{\"@type\":\"Organization\",\"@id\":\"https:\\\/\\\/fundacionbotin.org\\\/en\\\/#organization\",\"name\":\"Botin Foundation\",\"url\":\"https:\\\/\\\/fundacionbotin.org\\\/en\\\/\",\"logo\":{\"@type\":\"ImageObject\",\"inLanguage\":\"en-GB\",\"@id\":\"https:\\\/\\\/fundacionbotin.org\\\/en\\\/#\\\/schema\\\/logo\\\/image\\\/\",\"url\":\"https:\\\/\\\/fundacionbotin.org\\\/en\\\/wp-content\\\/uploads\\\/sites\\\/2\\\/2021\\\/06\\\/botin-foundation-logo.png\",\"contentUrl\":\"https:\\\/\\\/fundacionbotin.org\\\/en\\\/wp-content\\\/uploads\\\/sites\\\/2\\\/2021\\\/06\\\/botin-foundation-logo.png\",\"width\":100,\"height\":96,\"caption\":\"Botin Foundation\"},\"image\":{\"@id\":\"https:\\\/\\\/fundacionbotin.org\\\/en\\\/#\\\/schema\\\/logo\\\/image\\\/\"}}]}<\/script>\n<!-- \/ Yoast SEO plugin. -->","yoast_head_json":{"title":"Papers of the Botin Foundation - Botin Foundation","robots":{"index":"index","follow":"follow","max-snippet":"max-snippet:-1","max-image-preview":"max-image-preview:large","max-video-preview":"max-video-preview:-1"},"canonical":"https:\/\/fundacionbotin.org\/en\/papers-of-the-botin-foundation\/","og_locale":"en_GB","og_type":"article","og_title":"Papers of the Botin Foundation - Botin Foundation","og_description":"Aimed at people who are making daily decisions that affect the development of our country, the Botin Foundation Papers have been created to provide keys that help to better understand the complex reality in which we live, addressing both matters of substance as well as more circumstantial challenges and opportunities of our society in a [&hellip;]","og_url":"https:\/\/fundacionbotin.org\/en\/papers-of-the-botin-foundation\/","og_site_name":"Botin Foundation","article_modified_time":"2021-06-07T08:47:31+00:00","og_image":[{"url":"https:\/\/fundacionbotin.org\/wp-content\/uploads\/2021\/03\/el_agua_virtual-1.jpg","type":"","width":"","height":""}],"twitter_card":"summary_large_image","twitter_misc":{"Estimated reading time":"1 minute"},"schema":{"@context":"https:\/\/schema.org","@graph":[{"@type":"WebPage","@id":"https:\/\/fundacionbotin.org\/en\/papers-of-the-botin-foundation\/","url":"https:\/\/fundacionbotin.org\/en\/papers-of-the-botin-foundation\/","name":"Papers of the Botin Foundation - Botin Foundation","isPartOf":{"@id":"https:\/\/fundacionbotin.org\/en\/#website"},"primaryImageOfPage":{"@id":"https:\/\/fundacionbotin.org\/en\/papers-of-the-botin-foundation\/#primaryimage"},"image":{"@id":"https:\/\/fundacionbotin.org\/en\/papers-of-the-botin-foundation\/#primaryimage"},"thumbnailUrl":"https:\/\/fundacionbotin.org\/wp-content\/uploads\/2021\/03\/el_agua_virtual-1.jpg","datePublished":"2021-06-07T08:43:22+00:00","dateModified":"2021-06-07T08:47:31+00:00","breadcrumb":{"@id":"https:\/\/fundacionbotin.org\/en\/papers-of-the-botin-foundation\/#breadcrumb"},"inLanguage":"en-GB","potentialAction":[{"@type":"ReadAction","target":["https:\/\/fundacionbotin.org\/en\/papers-of-the-botin-foundation\/"]}]},{"@type":"ImageObject","inLanguage":"en-GB","@id":"https:\/\/fundacionbotin.org\/en\/papers-of-the-botin-foundation\/#primaryimage","url":"https:\/\/fundacionbotin.org\/wp-content\/uploads\/2021\/03\/el_agua_virtual-1.jpg","contentUrl":"https:\/\/fundacionbotin.org\/wp-content\/uploads\/2021\/03\/el_agua_virtual-1.jpg"},{"@type":"BreadcrumbList","@id":"https:\/\/fundacionbotin.org\/en\/papers-of-the-botin-foundation\/#breadcrumb","itemListElement":[{"@type":"ListItem","position":1,"name":"Portada","item":"https:\/\/fundacionbotin.org\/en\/"},{"@type":"ListItem","position":2,"name":"Papers of the Botin Foundation"}]},{"@type":"WebSite","@id":"https:\/\/fundacionbotin.org\/en\/#website","url":"https:\/\/fundacionbotin.org\/en\/","name":"Botin Foundation","description":"Comprehensive development of society and creative talent","publisher":{"@id":"https:\/\/fundacionbotin.org\/en\/#organization"},"potentialAction":[{"@type":"SearchAction","target":{"@type":"EntryPoint","urlTemplate":"https:\/\/fundacionbotin.org\/en\/?s={search_term_string}"},"query-input":{"@type":"PropertyValueSpecification","valueRequired":true,"valueName":"search_term_string"}}],"inLanguage":"en-GB"},{"@type":"Organization","@id":"https:\/\/fundacionbotin.org\/en\/#organization","name":"Botin Foundation","url":"https:\/\/fundacionbotin.org\/en\/","logo":{"@type":"ImageObject","inLanguage":"en-GB","@id":"https:\/\/fundacionbotin.org\/en\/#\/schema\/logo\/image\/","url":"https:\/\/fundacionbotin.org\/en\/wp-content\/uploads\/sites\/2\/2021\/06\/botin-foundation-logo.png","contentUrl":"https:\/\/fundacionbotin.org\/en\/wp-content\/uploads\/sites\/2\/2021\/06\/botin-foundation-logo.png","width":100,"height":96,"caption":"Botin Foundation"},"image":{"@id":"https:\/\/fundacionbotin.org\/en\/#\/schema\/logo\/image\/"}}]}},"_links":{"self":[{"href":"https:\/\/fundacionbotin.org\/en\/wp-json\/wp\/v2\/pages\/119","targetHints":{"allow":["GET"]}}],"collection":[{"href":"https:\/\/fundacionbotin.org\/en\/wp-json\/wp\/v2\/pages"}],"about":[{"href":"https:\/\/fundacionbotin.org\/en\/wp-json\/wp\/v2\/types\/page"}],"author":[{"embeddable":true,"href":"https:\/\/fundacionbotin.org\/en\/wp-json\/wp\/v2\/users\/5"}],"replies":[{"embeddable":true,"href":"https:\/\/fundacionbotin.org\/en\/wp-json\/wp\/v2\/comments?post=119"}],"version-history":[{"count":1,"href":"https:\/\/fundacionbotin.org\/en\/wp-json\/wp\/v2\/pages\/119\/revisions"}],"predecessor-version":[{"id":120,"href":"https:\/\/fundacionbotin.org\/en\/wp-json\/wp\/v2\/pages\/119\/revisions\/120"}],"wp:attachment":[{"href":"https:\/\/fundacionbotin.org\/en\/wp-json\/wp\/v2\/media?parent=119"}],"curies":[{"name":"wp","href":"https:\/\/api.w.org\/{rel}","templated":true}]}}